{"id":1073,"date":"2015-01-01T16:26:30","date_gmt":"2015-01-01T15:26:30","guid":{"rendered":"http:\/\/marieetpaula.com\/?page_id=1073"},"modified":"2023-08-28T21:04:57","modified_gmt":"2023-08-28T20:04:57","slug":"maison-nogent-marne-rue-chanzy","status":"publish","type":"page","link":"https:\/\/www.marieetpaula.com\/index.php\/etude-chantier\/maison-nogent-marne-rue-chanzy\/","title":{"rendered":"Maison Nogent-sur-Marne rue Chanzy"},"content":{"rendered":"<h3 class=\"widget-title\">Maison rue Chanzy Nogent-sur-Marne<\/h3>\n<p>Maison Nogent-sur-Marne \/\/ Ma\u00eetrise d\u2019ouvrage\u00a0: Priv\u00e9e\u00a0 \/\/ Calendrier\u00a0:\u00a0livr\u00e9 en 2023 \/\/ <strong>Programme\u00a0: Redistribution et r\u00e9novation compl\u00e8te de la maison avec cr\u00e9ation de meubles sur mesure<br \/>\n<\/strong><\/p>\n<p><!-- meta slider --><\/p>\n<ul class=\"slides\">\n<li style=\"display: block; width: 100%;\" class=\"slide-1005 ms-image\"><img decoding=\"async\" loading=\"lazy\" src=\"http:\/\/marieetpaula.com\/wp-content\/uploads\/2023\/08\/Marie-et-Paula-architectes-Renovation-maison-Nogent-sur-Marne-rue-Chanzy-1-salon.jpg\" alt=\"Marie et Paula architectes Renovation maison Nogent-sur-Marne entr\u00e9e et salon\" class=\"slider-1058 slide-1005\" style=\"margin: 0 auto; width: 96.465324384787%\" width=\"1200\" height=\"800\"><\/li>\n<li style=\"display: none; width: 100%;\" class=\"slide-1006 ms-image\"><img decoding=\"async\" loading=\"lazy\" src=\"http:\/\/marieetpaula.com\/wp-content\/uploads\/2023\/08\/Marie-et-Paula-architectes-Renovation-maison-Nogent-sur-Marne-rue-Chanzy-2-salle-a\u0300-manger-cuisine.jpg\" alt=\"Marie et Paula architectes Renovation maison Nogent-sur-Marne salle \u00e0 manger\" class=\"slider-1058 slide-1006\" style=\"margin: 0 auto; width: 100%\" width=\"1200\" height=\"800\"><\/li>\n<li style=\"display: none; width: 100%;\" class=\"slide-1007 ms-image\"><img decoding=\"async\" loading=\"lazy\" src=\"http:\/\/marieetpaula.com\/wp-content\/uploads\/2023\/08\/Marie-et-Paula-architectes-Renovation-maison-Nogent-sur-Marne-rue-Chanzy-3-bibliothe\u0300que-salon.jpg\" alt=\"Marie et Paula architectes Renovation maison Nogent-sur-Marne biblioth\u00e8que salon\" class=\"slider-1058 slide-1007\" style=\"margin: 0 auto; width: 100%\" width=\"1200\" height=\"800\"><\/li>\n<li style=\"display: none; width: 100%;\" class=\"slide-1008 ms-image\"><img decoding=\"async\" loading=\"lazy\" src=\"http:\/\/marieetpaula.com\/wp-content\/uploads\/2023\/08\/Marie-et-Paula-architectes-Renovation-maison-Nogent-sur-Marne-rue-Chanzy-4.1-cuisine.jpg\" alt=\"Marie et Paula architectes Renovation maison Nogent-sur-Marne cuisine\" class=\"slider-1058 slide-1008\" style=\"margin: 0 auto; width: 100%\" width=\"1200\" height=\"800\"><\/li>\n<li style=\"display: none; width: 100%;\" class=\"slide-1009 ms-image\"><img decoding=\"async\" loading=\"lazy\" src=\"http:\/\/marieetpaula.com\/wp-content\/uploads\/2023\/08\/Marie-et-Paula-architectes-Renovation-maison-Nogent-sur-Marne-rue-Chanzy-5-cuisine.jpg\" alt=\"Marie et Paula architectes Renovation maison Nogent-sur-Marne cuisine et escalier\" class=\"slider-1058 slide-1009\" style=\"margin: 0 auto; width: 91.275167785235%\" width=\"1200\" height=\"800\"><\/li>\n<li style=\"display: none; width: 100%;\" class=\"slide-1010 ms-image\"><img decoding=\"async\" loading=\"lazy\" src=\"http:\/\/marieetpaula.com\/wp-content\/uploads\/2023\/08\/Marie-et-Paula-architectes-Renovation-maison-Nogent-sur-Marne-rue-Chanzy-6-chambre-enfant.jpg\" alt=\"Marie et Paula architectes Renovation maison Nogent-sur-Marne chambre enfant\" class=\"slider-1058 slide-1010\" style=\"margin-top: 3.4785238959468%\" width=\"1200\" height=\"800\"><\/li>\n<li style=\"display: none; width: 100%;\" class=\"slide-1011 ms-image\"><img decoding=\"async\" loading=\"lazy\" src=\"http:\/\/marieetpaula.com\/wp-content\/uploads\/2023\/08\/Marie-et-Paula-architectes-Renovation-maison-Nogent-sur-Marne-rue-Chanzy-7salle-de-bain-familiale.jpg\" alt=\"Marie et Paula architectes Renovation maison Nogent-sur-Marne salle de bain familiale\" class=\"slider-1058 slide-1011\" style=\"margin: 0 auto; width: 91.441441441441%\" width=\"1200\" height=\"800\"><\/li>\n<li style=\"display: none; width: 100%;\" class=\"slide-1012 ms-image\"><img decoding=\"async\" loading=\"lazy\" src=\"http:\/\/marieetpaula.com\/wp-content\/uploads\/2023\/08\/Marie-et-Paula-architectes-Renovation-maison-Nogent-sur-Marne-rue-Chanzy-8-chambre-parentale-combles.jpg\" alt=\"Marie et Paula architectes Renovation maison Nogent-sur-Marne chambre parentale\" class=\"slider-1058 slide-1012\" style=\"margin: 0 auto; width: 100%\" width=\"1200\" height=\"800\"><\/li>\n<li style=\"display: none; width: 100%;\" class=\"slide-1013 ms-image\"><img decoding=\"async\" loading=\"lazy\" src=\"http:\/\/marieetpaula.com\/wp-content\/uploads\/2023\/08\/Marie-et-Paula-architectes-Renovation-maison-Nogent-sur-Marne-rue-Chanzy-9-chambre-parentale-combles.jpg\" alt=\"Marie et Paula architectes Renovation maison Nogent-sur-Marne chambre parentale\" class=\"slider-1058 slide-1013\" style=\"margin: 0 auto; width: 89.957693164106%\" width=\"1200\" height=\"800\"><\/li>\n<li style=\"display: none; width: 100%;\" class=\"slide-1014 ms-image\"><img decoding=\"async\" loading=\"lazy\" src=\"http:\/\/marieetpaula.com\/wp-content\/uploads\/2023\/08\/Marie-et-Paula-architectes-Renovation-maison-Nogent-sur-Marne-rue-Chanzy-10-salle-de-bain-combles.jpg\" alt=\"Marie et Paula architectes Renovation maison Nogent-sur-Marne salle de bain parentale sous combles\" class=\"slider-1058 slide-1014\" style=\"margin: 0 auto; width: 91.7225950783%\" width=\"1200\" height=\"800\"><\/li>\n<\/ul>\n<p><script type=\"text\/javascript\">\nvar metaslider_1058 = function($) {\n$('#metaslider_1058').addClass('flexslider'); \/\/ theme\/plugin conflict avoidance\n$('#metaslider_1058').flexslider({ \nslideshowSpeed:3000,\nanimation:\"fade\",\ncontrolNav:false,\ndirectionNav:true,\npauseOnHover:true,\ndirection:\"horizontal\",\nreverse:false,\nanimationSpeed:600,\nprevText:\"<\",\nnextText:\">\",\nslideshow:true\n});\n};\nvar timer_metaslider_1058 = function() {\nvar slider = !window.jQuery ? window.setTimeout(timer_metaslider_1058, 100) : !jQuery.isReady ? window.setTimeout(timer_metaslider_1058, 1) : metaslider_1058(window.jQuery);\n};\ntimer_metaslider_1058();\n<\/script><br \/>\n<!--\/\/ meta slider--><\/p>\n","protected":false},"excerpt":{"rendered":"<p>Maison rue Chanzy Nogent-sur-Marne Maison Nogent-sur-Marne \/\/ Ma\u00eetrise d\u2019ouvrage\u00a0: Priv\u00e9e\u00a0 \/\/ Calendrier\u00a0:\u00a0livr\u00e9 en 2023 \/\/ Programme\u00a0: Redistribution et r\u00e9novation compl\u00e8te de la maison avec cr\u00e9ation de meubles sur mesure<\/p>\n","protected":false},"author":1,"featured_media":1098,"parent":18,"menu_order":0,"comment_status":"closed","ping_status":"closed","template":"template-fullwidth.php","meta":[],"_links":{"self":[{"href":"https:\/\/www.marieetpaula.com\/index.php\/wp-json\/wp\/v2\/pages\/1073"}],"collection":[{"href":"https:\/\/www.marieetpaula.com\/index.php\/wp-json\/wp\/v2\/pages"}],"about":[{"href":"https:\/\/www.marieetpaula.com\/index.php\/wp-json\/wp\/v2\/types\/page"}],"author":[{"embeddable":true,"href":"https:\/\/www.marieetpaula.com\/index.php\/wp-json\/wp\/v2\/users\/1"}],"replies":[{"embeddable":true,"href":"https:\/\/www.marieetpaula.com\/index.php\/wp-json\/wp\/v2\/comments?post=1073"}],"version-history":[{"count":3,"href":"https:\/\/www.marieetpaula.com\/index.php\/wp-json\/wp\/v2\/pages\/1073\/revisions"}],"predecessor-version":[{"id":1075,"href":"https:\/\/www.marieetpaula.com\/index.php\/wp-json\/wp\/v2\/pages\/1073\/revisions\/1075"}],"up":[{"embeddable":true,"href":"https:\/\/www.marieetpaula.com\/index.php\/wp-json\/wp\/v2\/pages\/18"}],"wp:featuredmedia":[{"embeddable":true,"href":"https:\/\/www.marieetpaula.com\/index.php\/wp-json\/wp\/v2\/media\/1098"}],"wp:attachment":[{"href":"https:\/\/www.marieetpaula.com\/index.php\/wp-json\/wp\/v2\/media?parent=1073"}],"curies":[{"name":"wp","href":"https:\/\/api.w.org\/{rel}","templated":true}]}}