{"id":1079,"date":"2015-01-01T09:00:15","date_gmt":"2015-01-01T08:00:15","guid":{"rendered":"http:\/\/marieetpaula.com\/?page_id=1079"},"modified":"2023-08-28T21:04:07","modified_gmt":"2023-08-28T20:04:07","slug":"appartement-gambetta-paris-20","status":"publish","type":"page","link":"https:\/\/www.marieetpaula.com\/index.php\/conseil\/appartement-gambetta-paris-20\/","title":{"rendered":"Appartement Gambetta Paris 20\u00b0"},"content":{"rendered":"<h3 class=\"widget-title\">Appartement Gambetta Paris 20\u00b0<\/h3>\n<p>Appartement Paris 20\u00b0\/\/ Ma\u00eetrise d\u2019ouvrage\u00a0: Priv\u00e9e\u00a0 \/\/ Calendrier\u00a0:\u00a0livr\u00e9 en 2022 \/\/ <strong>Programme\u00a0: Redistribution et r\u00e9novation compl\u00e8te de l&rsquo;appartement avec cr\u00e9ation de meubles sur mesure<br \/>\n<\/strong><\/p>\n<p><!-- meta slider --><\/p>\n<ul class=\"slides\">\n<li style=\"display: block; width: 100%;\" class=\"slide-1022 ms-image\"><img decoding=\"async\" loading=\"lazy\" src=\"http:\/\/marieetpaula.com\/wp-content\/uploads\/2023\/08\/Marie-et-Paula-architectes-Renovation-appartement-Gambetta-Paris-20-1-entre\u0301e.jpg\" alt=\"R\u00e9novation appartement entr\u00e9e\" class=\"slider-1062 slide-1022\" style=\"margin: 0 auto; width: 77.491207502931%\" width=\"1200\" height=\"800\"><\/li>\n<li style=\"display: none; width: 100%;\" class=\"slide-1023 ms-image\"><img decoding=\"async\" loading=\"lazy\" src=\"http:\/\/marieetpaula.com\/wp-content\/uploads\/2023\/08\/Marie-et-Paula-architectes-Renovation-appartement-Gambetta-Paris-20-2-couloir.jpg\" alt=\"R\u00e9novation appartement couloir cuisine et verri\u00e8re sur mesure\" class=\"slider-1062 slide-1023\" style=\"margin: 0 auto; width: 90.08195350393%\" width=\"1200\" height=\"800\"><\/li>\n<li style=\"display: none; width: 100%;\" class=\"slide-1024 ms-image\"><img decoding=\"async\" loading=\"lazy\" src=\"http:\/\/marieetpaula.com\/wp-content\/uploads\/2023\/08\/Marie-et-Paula-architectes-Renovation-appartement-Gambetta-Paris-20-3-cuisine.jpg\" alt=\"R\u00e9novation appartement cuisine d\u00e9tail zellige\" class=\"slider-1062 slide-1024\" style=\"margin: 0 auto; width: 90.182304733233%\" width=\"1200\" height=\"800\"><\/li>\n<li style=\"display: none; width: 100%;\" class=\"slide-1025 ms-image\"><img decoding=\"async\" loading=\"lazy\" src=\"http:\/\/marieetpaula.com\/wp-content\/uploads\/2023\/08\/Marie-et-Paula-architectes-Renovation-appartement-Gambetta-Paris-20-3-exist.jpg\" alt=\"\" class=\"slider-1062 slide-1025\" style=\"margin-top: 0.33003300330033%\" width=\"1200\" height=\"800\"><\/li>\n<li style=\"display: none; width: 100%;\" class=\"slide-1027 ms-image\"><img decoding=\"async\" loading=\"lazy\" src=\"http:\/\/marieetpaula.com\/wp-content\/uploads\/2023\/08\/Marie-et-Paula-architectes-Renovation-appartement-Gambetta-Paris-20-4-salon.jpg\" alt=\"R\u00e9novation appartement salon biblioth\u00e8ques sur mesure\" class=\"slider-1062 slide-1027\" style=\"margin: 0 auto; width: 83.322737868192%\" width=\"1200\" height=\"800\"><\/li>\n<li style=\"display: none; width: 100%;\" class=\"slide-1028 ms-image\"><img decoding=\"async\" loading=\"lazy\" src=\"http:\/\/marieetpaula.com\/wp-content\/uploads\/2023\/08\/Marie-et-Paula-architectes-Renovation-appartement-Gambetta-Paris-20-5-salon.jpg\" alt=\"R\u00e9novation appartement salon d\u00e9tail biblioth\u00e8que sur mesure\" class=\"slider-1062 slide-1028\" style=\"margin: 0 auto; width: 95.486851457001%\" width=\"1200\" height=\"800\"><\/li>\n<li style=\"display: none; width: 100%;\" class=\"slide-1026 ms-image\"><img decoding=\"async\" loading=\"lazy\" src=\"http:\/\/marieetpaula.com\/wp-content\/uploads\/2023\/08\/Marie-et-Paula-architectes-Renovation-appartement-Gambetta-Paris-20-4-exist.jpg\" alt=\"R\u00e9novation appartement vue couloir et d\u00e9tail placard\" class=\"slider-1062 slide-1026\" style=\"margin-top: 0.33003300330033%\" width=\"1200\" height=\"800\"><\/li>\n<li style=\"display: none; width: 100%;\" class=\"slide-1030 ms-image\"><img decoding=\"async\" loading=\"lazy\" src=\"http:\/\/marieetpaula.com\/wp-content\/uploads\/2023\/08\/Marie-et-Paula-architectes-Renovation-appartement-Gambetta-Paris-20-7-chambre-par.jpg\" alt=\"\" class=\"slider-1062 slide-1030\" style=\"margin-top: 0.33003300330033%\" width=\"1200\" height=\"800\"><\/li>\n<li style=\"display: none; width: 100%;\" class=\"slide-1029 ms-image\"><img decoding=\"async\" loading=\"lazy\" src=\"http:\/\/marieetpaula.com\/wp-content\/uploads\/2023\/08\/Marie-et-Paula-architectes-Renovation-appartement-Gambetta-Paris-20-6-chambre-par.jpg\" alt=\"R\u00e9novation appartement chambre parentale et d\u00e9tail t\u00eate de lit\" class=\"slider-1062 slide-1029\" style=\"margin-top: 0.33003300330033%\" width=\"1200\" height=\"800\"><\/li>\n<li style=\"display: none; width: 100%;\" class=\"slide-1035 ms-image\"><img decoding=\"async\" loading=\"lazy\" src=\"http:\/\/marieetpaula.com\/wp-content\/uploads\/2023\/08\/Marie-et-Paula-architectes-Renovation-appartement-Gambetta-Paris-20-12-salle-de-bain-parentale.jpg\" alt=\"R\u00e9novation appartement salle de bain parentale et d\u00e9tail carrelage\" class=\"slider-1062 slide-1035\" style=\"margin: 0 auto; width: 89.766666666667%\" width=\"1200\" height=\"800\"><\/li>\n<li style=\"display: none; width: 100%;\" class=\"slide-1032 ms-image\"><img decoding=\"async\" loading=\"lazy\" src=\"http:\/\/marieetpaula.com\/wp-content\/uploads\/2023\/08\/Marie-et-Paula-architectes-Renovation-appartement-Gambetta-Paris-20-9-chambre-.jpg\" alt=\"R\u00e9novation appartement chambre enfant papier peint serengeti\" class=\"slider-1062 slide-1032\" style=\"margin-top: 0.0083333333333352%\" width=\"1200\" height=\"800\"><\/li>\n<li style=\"display: none; width: 100%;\" class=\"slide-1033 ms-image\"><img decoding=\"async\" loading=\"lazy\" src=\"http:\/\/marieetpaula.com\/wp-content\/uploads\/2023\/08\/Marie-et-Paula-architectes-Renovation-appartement-Gambetta-Paris-20-10-couloir.jpg\" alt=\"R\u00e9novation appartement couloir et d\u00e9tail biblioth\u00e8que sur mesure\" class=\"slider-1062 slide-1033\" style=\"margin: 0 auto; width: 85.867201873223%\" width=\"1200\" height=\"800\"><\/li>\n<li style=\"display: none; width: 100%;\" class=\"slide-1031 ms-image\"><img decoding=\"async\" loading=\"lazy\" src=\"http:\/\/marieetpaula.com\/wp-content\/uploads\/2023\/08\/Marie-et-Paula-architectes-Renovation-appartement-Gambetta-Paris-20-8-salle-de-bain.jpg\" alt=\"R\u00e9novation appartement salle de bain familiale terrazzo\" class=\"slider-1062 slide-1031\" style=\"margin: 0 auto; width: 99.983053719709%\" width=\"1200\" height=\"800\"><\/li>\n<li style=\"display: none; width: 100%;\" class=\"slide-1034 ms-image\"><img decoding=\"async\" loading=\"lazy\" src=\"http:\/\/marieetpaula.com\/wp-content\/uploads\/2023\/08\/Marie-et-Paula-architectes-Renovation-appartement-Gambetta-Paris-20-11-de\u0301tail.jpg\" alt=\"R\u00e9novation appartement d\u00e9tail biblioth\u00e8que et cache radiateur\" class=\"slider-1062 slide-1034\" style=\"margin: 0 auto; width: 90%\" width=\"1200\" height=\"800\"><\/li>\n<\/ul>\n<p><script type=\"text\/javascript\">\nvar metaslider_1062 = function($) {\n$('#metaslider_1062').addClass('flexslider'); \/\/ theme\/plugin conflict avoidance\n$('#metaslider_1062').flexslider({ \nslideshowSpeed:3000,\nanimation:\"fade\",\ncontrolNav:false,\ndirectionNav:true,\npauseOnHover:true,\ndirection:\"horizontal\",\nreverse:false,\nanimationSpeed:600,\nprevText:\"<\",\nnextText:\">\",\nslideshow:true\n});\n};\nvar timer_metaslider_1062 = function() {\nvar slider = !window.jQuery ? window.setTimeout(timer_metaslider_1062, 100) : !jQuery.isReady ? window.setTimeout(timer_metaslider_1062, 1) : metaslider_1062(window.jQuery);\n};\ntimer_metaslider_1062();\n<\/script><br \/>\n<!--\/\/ meta slider--><\/p>\n","protected":false},"excerpt":{"rendered":"<p>Appartement Gambetta Paris 20\u00b0 Appartement Paris 20\u00b0\/\/ Ma\u00eetrise d\u2019ouvrage\u00a0: Priv\u00e9e\u00a0 \/\/ Calendrier\u00a0:\u00a0livr\u00e9 en 2022 \/\/ Programme\u00a0: Redistribution et r\u00e9novation compl\u00e8te de l&rsquo;appartement avec cr\u00e9ation de meubles sur mesure<\/p>\n","protected":false},"author":1,"featured_media":1106,"parent":16,"menu_order":0,"comment_status":"closed","ping_status":"closed","template":"template-fullwidth.php","meta":[],"_links":{"self":[{"href":"https:\/\/www.marieetpaula.com\/index.php\/wp-json\/wp\/v2\/pages\/1079"}],"collection":[{"href":"https:\/\/www.marieetpaula.com\/index.php\/wp-json\/wp\/v2\/pages"}],"about":[{"href":"https:\/\/www.marieetpaula.com\/index.php\/wp-json\/wp\/v2\/types\/page"}],"author":[{"embeddable":true,"href":"https:\/\/www.marieetpaula.com\/index.php\/wp-json\/wp\/v2\/users\/1"}],"replies":[{"embeddable":true,"href":"https:\/\/www.marieetpaula.com\/index.php\/wp-json\/wp\/v2\/comments?post=1079"}],"version-history":[{"count":3,"href":"https:\/\/www.marieetpaula.com\/index.php\/wp-json\/wp\/v2\/pages\/1079\/revisions"}],"predecessor-version":[{"id":1084,"href":"https:\/\/www.marieetpaula.com\/index.php\/wp-json\/wp\/v2\/pages\/1079\/revisions\/1084"}],"up":[{"embeddable":true,"href":"https:\/\/www.marieetpaula.com\/index.php\/wp-json\/wp\/v2\/pages\/16"}],"wp:featuredmedia":[{"embeddable":true,"href":"https:\/\/www.marieetpaula.com\/index.php\/wp-json\/wp\/v2\/media\/1106"}],"wp:attachment":[{"href":"https:\/\/www.marieetpaula.com\/index.php\/wp-json\/wp\/v2\/media?parent=1079"}],"curies":[{"name":"wp","href":"https:\/\/api.w.org\/{rel}","templated":true}]}}