{"id":1215,"date":"2015-01-02T11:55:30","date_gmt":"2015-01-02T10:55:30","guid":{"rendered":"http:\/\/marieetpaula.com\/?page_id=1215"},"modified":"2024-08-20T04:31:39","modified_gmt":"2024-08-20T03:31:39","slug":"appartement-charenton","status":"publish","type":"page","link":"https:\/\/www.marieetpaula.com\/index.php\/conseil\/appartement-charenton\/","title":{"rendered":"Appartement Charenton"},"content":{"rendered":"<h3 class=\"widget-title\">Appartement Duplex &#8211; Charenton-le-Pont<\/h3>\n<p>Ma\u00eetrise d\u2019ouvrage\u00a0: Priv\u00e9e\u00a0 \/\/ Calendrier\u00a0:\u00a0livr\u00e9 en 2024 \/\/ <strong>Programme\u00a0: Am\u00e9nagement des combles et r\u00e9novation compl\u00e8te d&rsquo;un appartement<\/strong><\/p>\n<p><!-- meta slider --><\/p>\n<ul class=\"slides\">\n<li style=\"display: block; width: 100%;\" class=\"slide-1199 ms-image\"><img decoding=\"async\" loading=\"lazy\" src=\"http:\/\/marieetpaula.com\/wp-content\/uploads\/2024\/08\/B8A3182.jpg\" height=\"800\" width=\"1200\" alt=\"\" class=\"slider-1207 slide-1199\" style=\"margin: 0 auto; width: 44.433333333333%\"><\/li>\n<li style=\"display: none; width: 100%;\" class=\"slide-1200 ms-image\"><img decoding=\"async\" loading=\"lazy\" src=\"http:\/\/marieetpaula.com\/wp-content\/uploads\/2024\/08\/B8A3188.jpg\" height=\"800\" width=\"1200\" alt=\"\" class=\"slider-1207 slide-1200\" style=\"margin: 0 auto; width: 44.433333333333%\"><\/li>\n<li style=\"display: none; width: 100%;\" class=\"slide-1204 ms-image\"><img decoding=\"async\" loading=\"lazy\" src=\"http:\/\/marieetpaula.com\/wp-content\/uploads\/2024\/08\/B8A3214.jpg\" height=\"800\" width=\"1200\" alt=\"\" class=\"slider-1207 slide-1204\" style=\"margin-top: 0.0083333333333352%\"><\/li>\n<li style=\"display: none; width: 100%;\" class=\"slide-1203 ms-image\"><img decoding=\"async\" loading=\"lazy\" src=\"http:\/\/marieetpaula.com\/wp-content\/uploads\/2024\/08\/B8A3209.jpg\" height=\"800\" width=\"1200\" alt=\"\" class=\"slider-1207 slide-1203\" style=\"margin: 0 auto; width: 72.072072072072%\"><\/li>\n<li style=\"display: none; width: 100%;\" class=\"slide-1202 ms-image\"><img decoding=\"async\" loading=\"lazy\" src=\"http:\/\/marieetpaula.com\/wp-content\/uploads\/2024\/08\/B8A3192.jpg\" height=\"800\" width=\"1200\" alt=\"\" class=\"slider-1207 slide-1202\" style=\"margin: 0 auto; width: 44.433333333333%\"><\/li>\n<li style=\"display: none; width: 100%;\" class=\"slide-1201 ms-image\"><img decoding=\"async\" loading=\"lazy\" src=\"http:\/\/marieetpaula.com\/wp-content\/uploads\/2024\/08\/B8A3190.jpg\" height=\"800\" width=\"1200\" alt=\"\" class=\"slider-1207 slide-1201\" style=\"margin: 0 auto; width: 44.433333333333%\"><\/li>\n<li style=\"display: none; width: 100%;\" class=\"slide-1205 ms-image\"><img decoding=\"async\" loading=\"lazy\" src=\"http:\/\/marieetpaula.com\/wp-content\/uploads\/2024\/08\/B8A3220.jpg\" height=\"800\" width=\"1200\" alt=\"\" class=\"slider-1207 slide-1205\" style=\"margin: 0 auto; width: 44.433333333333%\"><\/li>\n<li style=\"display: none; width: 100%;\" class=\"slide-1195 ms-image\"><img decoding=\"async\" loading=\"lazy\" src=\"http:\/\/marieetpaula.com\/wp-content\/uploads\/2024\/08\/B8A3172.jpg\" height=\"800\" width=\"1200\" alt=\"\" class=\"slider-1207 slide-1195\" style=\"margin: 0 auto; width: 44.433333333333%\"><\/li>\n<li style=\"display: none; width: 100%;\" class=\"slide-1192 ms-image\"><img decoding=\"async\" loading=\"lazy\" src=\"http:\/\/marieetpaula.com\/wp-content\/uploads\/2024\/08\/B8A3143.jpg\" height=\"800\" width=\"1200\" alt=\"\" class=\"slider-1207 slide-1192\" style=\"margin: 0 auto; width: 44.433333333333%\"><\/li>\n<li style=\"display: none; width: 100%;\" class=\"slide-1193 ms-image\"><img decoding=\"async\" loading=\"lazy\" src=\"http:\/\/marieetpaula.com\/wp-content\/uploads\/2024\/08\/B8A3159.jpg\" height=\"800\" width=\"1200\" alt=\"\" class=\"slider-1207 slide-1193\" style=\"margin: 0 auto; width: 44.433333333333%\"><\/li>\n<li style=\"display: none; width: 100%;\" class=\"slide-1194 ms-image\"><img decoding=\"async\" loading=\"lazy\" src=\"http:\/\/marieetpaula.com\/wp-content\/uploads\/2024\/08\/B8A3164.jpg\" height=\"800\" width=\"1200\" alt=\"\" class=\"slider-1207 slide-1194\" style=\"margin: 0 auto; width: 44.433333333333%\"><\/li>\n<li style=\"display: none; width: 100%;\" class=\"slide-1196 ms-image\"><img decoding=\"async\" loading=\"lazy\" src=\"http:\/\/marieetpaula.com\/wp-content\/uploads\/2024\/08\/B8A3175.jpg\" height=\"800\" width=\"1200\" alt=\"\" class=\"slider-1207 slide-1196\" style=\"margin: 0 auto; width: 44.433333333333%\"><\/li>\n<li style=\"display: none; width: 100%;\" class=\"slide-1197 ms-image\"><img decoding=\"async\" loading=\"lazy\" src=\"http:\/\/marieetpaula.com\/wp-content\/uploads\/2024\/08\/B8A3176.jpg\" height=\"800\" width=\"1200\" alt=\"\" class=\"slider-1207 slide-1197\" style=\"margin: 0 auto; width: 44.433333333333%\"><\/li>\n<li style=\"display: none; width: 100%;\" class=\"slide-1198 ms-image\"><img decoding=\"async\" loading=\"lazy\" src=\"http:\/\/marieetpaula.com\/wp-content\/uploads\/2024\/08\/B8A3181.jpg\" height=\"800\" width=\"1200\" alt=\"\" class=\"slider-1207 slide-1198\" style=\"margin: 0 auto; width: 44.433333333333%\"><\/li>\n<\/ul>\n<p><script type=\"text\/javascript\">\nvar metaslider_1207 = function($) {\n$('#metaslider_1207').addClass('flexslider'); \/\/ theme\/plugin conflict avoidance\n$('#metaslider_1207').flexslider({ \nslideshowSpeed:3000,\nanimation:\"fade\",\ncontrolNav:false,\ndirectionNav:true,\npauseOnHover:true,\ndirection:\"horizontal\",\nreverse:false,\nanimationSpeed:600,\nprevText:\"<\",\nnextText:\">\",\nslideshow:true\n});\n};\nvar timer_metaslider_1207 = function() {\nvar slider = !window.jQuery ? window.setTimeout(timer_metaslider_1207, 100) : !jQuery.isReady ? window.setTimeout(timer_metaslider_1207, 1) : metaslider_1207(window.jQuery);\n};\ntimer_metaslider_1207();\n<\/script><br \/>\n<!--\/\/ meta slider--><\/p>\n","protected":false},"excerpt":{"rendered":"<p>Appartement Duplex &#8211; Charenton-le-Pont Ma\u00eetrise d\u2019ouvrage\u00a0: Priv\u00e9e\u00a0 \/\/ Calendrier\u00a0:\u00a0livr\u00e9 en 2024 \/\/ Programme\u00a0: Am\u00e9nagement des combles et r\u00e9novation compl\u00e8te d&rsquo;un appartement<\/p>\n","protected":false},"author":1,"featured_media":1199,"parent":16,"menu_order":0,"comment_status":"closed","ping_status":"closed","template":"template-fullwidth.php","meta":[],"_links":{"self":[{"href":"https:\/\/www.marieetpaula.com\/index.php\/wp-json\/wp\/v2\/pages\/1215"}],"collection":[{"href":"https:\/\/www.marieetpaula.com\/index.php\/wp-json\/wp\/v2\/pages"}],"about":[{"href":"https:\/\/www.marieetpaula.com\/index.php\/wp-json\/wp\/v2\/types\/page"}],"author":[{"embeddable":true,"href":"https:\/\/www.marieetpaula.com\/index.php\/wp-json\/wp\/v2\/users\/1"}],"replies":[{"embeddable":true,"href":"https:\/\/www.marieetpaula.com\/index.php\/wp-json\/wp\/v2\/comments?post=1215"}],"version-history":[{"count":3,"href":"https:\/\/www.marieetpaula.com\/index.php\/wp-json\/wp\/v2\/pages\/1215\/revisions"}],"predecessor-version":[{"id":1217,"href":"https:\/\/www.marieetpaula.com\/index.php\/wp-json\/wp\/v2\/pages\/1215\/revisions\/1217"}],"up":[{"embeddable":true,"href":"https:\/\/www.marieetpaula.com\/index.php\/wp-json\/wp\/v2\/pages\/16"}],"wp:featuredmedia":[{"embeddable":true,"href":"https:\/\/www.marieetpaula.com\/index.php\/wp-json\/wp\/v2\/media\/1199"}],"wp:attachment":[{"href":"https:\/\/www.marieetpaula.com\/index.php\/wp-json\/wp\/v2\/media?parent=1215"}],"curies":[{"name":"wp","href":"https:\/\/api.w.org\/{rel}","templated":true}]}}