{"id":1222,"date":"2015-01-02T17:45:46","date_gmt":"2015-01-02T16:45:46","guid":{"rendered":"http:\/\/marieetpaula.com\/?page_id=1222"},"modified":"2024-08-20T13:10:23","modified_gmt":"2024-08-20T12:10:23","slug":"appartement-paris-15","status":"publish","type":"page","link":"https:\/\/www.marieetpaula.com\/index.php\/conseil\/appartement-paris-15\/","title":{"rendered":"Appartement Paris 15"},"content":{"rendered":"<h3 class=\"widget-title\">Appartement rue Ginoux-Paris 15<\/h3>\n<p>Ma\u00eetrise d\u2019ouvrage\u00a0: Priv\u00e9e\u00a0 \/\/ Calendrier\u00a0:\u00a0livr\u00e9 en 2024 \/\/ <strong>Programme\u00a0: R\u00e9union de 2 appartements et r\u00e9am\u00e9nagement complet<\/strong><\/p>\n<p><!-- meta slider --><\/p>\n<ul class=\"slides\">\n<li style=\"display: block; width: 100%;\" class=\"slide-1175 ms-image\"><img decoding=\"async\" loading=\"lazy\" src=\"http:\/\/marieetpaula.com\/wp-content\/uploads\/2024\/08\/B8A5094.jpg\" height=\"800\" width=\"1200\" alt=\"\" class=\"slider-1208 slide-1175\" style=\"margin: 0 auto; width: 50%\"><\/li>\n<li style=\"display: none; width: 100%;\" class=\"slide-1176 ms-image\"><img decoding=\"async\" loading=\"lazy\" src=\"http:\/\/marieetpaula.com\/wp-content\/uploads\/2024\/08\/B8A5097.jpg\" height=\"800\" width=\"1200\" alt=\"\" class=\"slider-1208 slide-1176\" style=\"margin: 0 auto; width: 44.444444444444%\"><\/li>\n<li style=\"display: none; width: 100%;\" class=\"slide-1177 ms-image\"><img decoding=\"async\" loading=\"lazy\" src=\"http:\/\/marieetpaula.com\/wp-content\/uploads\/2024\/08\/B8A5098.jpg\" height=\"800\" width=\"1200\" alt=\"\" class=\"slider-1208 slide-1177\" style=\"margin: 0 auto; width: 44.444444444444%\"><\/li>\n<li style=\"display: none; width: 100%;\" class=\"slide-1178 ms-image\"><img decoding=\"async\" loading=\"lazy\" src=\"http:\/\/marieetpaula.com\/wp-content\/uploads\/2024\/08\/B8A5110.jpg\" height=\"800\" width=\"1200\" alt=\"\" class=\"slider-1208 slide-1178\" style=\"margin: 0 auto; width: 100%\"><\/li>\n<li style=\"display: none; width: 100%;\" class=\"slide-1180 ms-image\"><img decoding=\"async\" loading=\"lazy\" src=\"http:\/\/marieetpaula.com\/wp-content\/uploads\/2024\/08\/B8A5117.jpg\" height=\"800\" width=\"1200\" alt=\"\" class=\"slider-1208 slide-1180\" style=\"margin: 0 auto; width: 44.444444444444%\"><\/li>\n<li style=\"display: none; width: 100%;\" class=\"slide-1179 ms-image\"><img decoding=\"async\" loading=\"lazy\" src=\"http:\/\/marieetpaula.com\/wp-content\/uploads\/2024\/08\/B8A5115.jpg\" height=\"800\" width=\"1200\" alt=\"\" class=\"slider-1208 slide-1179\" style=\"margin: 0 auto; width: 44.444444444444%\"><\/li>\n<li style=\"display: none; width: 100%;\" class=\"slide-1182 ms-image\"><img decoding=\"async\" loading=\"lazy\" src=\"http:\/\/marieetpaula.com\/wp-content\/uploads\/2024\/08\/B8A5126.jpg\" height=\"800\" width=\"1200\" alt=\"\" class=\"slider-1208 slide-1182\" style=\"margin: 0 auto; width: 44.444444444444%\"><\/li>\n<li style=\"display: none; width: 100%;\" class=\"slide-1190 ms-image\"><img decoding=\"async\" loading=\"lazy\" src=\"http:\/\/marieetpaula.com\/wp-content\/uploads\/2024\/08\/B8A5150.jpg\" height=\"800\" width=\"1200\" alt=\"\" class=\"slider-1208 slide-1190\" style=\"margin: 0 auto; width: 44.444444444444%\"><\/li>\n<li style=\"display: none; width: 100%;\" class=\"slide-1191 ms-image\"><img decoding=\"async\" loading=\"lazy\" src=\"http:\/\/marieetpaula.com\/wp-content\/uploads\/2024\/08\/B8A5152.jpg\" height=\"800\" width=\"1200\" alt=\"\" class=\"slider-1208 slide-1191\" style=\"margin: 0 auto; width: 44.444444444444%\"><\/li>\n<li style=\"display: none; width: 100%;\" class=\"slide-1181 ms-image\"><img decoding=\"async\" loading=\"lazy\" src=\"http:\/\/marieetpaula.com\/wp-content\/uploads\/2024\/08\/B8A5124.jpg\" height=\"800\" width=\"1200\" alt=\"\" class=\"slider-1208 slide-1181\" style=\"margin: 0 auto; width: 44.444444444444%\"><\/li>\n<li style=\"display: none; width: 100%;\" class=\"slide-1185 ms-image\"><img decoding=\"async\" loading=\"lazy\" src=\"http:\/\/marieetpaula.com\/wp-content\/uploads\/2024\/08\/B8A5133.jpg\" height=\"800\" width=\"1200\" alt=\"\" class=\"slider-1208 slide-1185\" style=\"margin: 0 auto; width: 44.444444444444%\"><\/li>\n<li style=\"display: none; width: 100%;\" class=\"slide-1183 ms-image\"><img decoding=\"async\" loading=\"lazy\" src=\"http:\/\/marieetpaula.com\/wp-content\/uploads\/2024\/08\/B8A5130.jpg\" height=\"800\" width=\"1200\" alt=\"\" class=\"slider-1208 slide-1183\" style=\"margin: 0 auto; width: 44.444444444444%\"><\/li>\n<li style=\"display: none; width: 100%;\" class=\"slide-1184 ms-image\"><img decoding=\"async\" loading=\"lazy\" src=\"http:\/\/marieetpaula.com\/wp-content\/uploads\/2024\/08\/B8A5131.jpg\" height=\"800\" width=\"1200\" alt=\"\" class=\"slider-1208 slide-1184\" style=\"margin: 0 auto; width: 44.444444444444%\"><\/li>\n<li style=\"display: none; width: 100%;\" class=\"slide-1186 ms-image\"><img decoding=\"async\" loading=\"lazy\" src=\"http:\/\/marieetpaula.com\/wp-content\/uploads\/2024\/08\/B8A5139.jpg\" height=\"800\" width=\"1200\" alt=\"\" class=\"slider-1208 slide-1186\" style=\"margin: 0 auto; width: 44.444444444444%\"><\/li>\n<li style=\"display: none; width: 100%;\" class=\"slide-1187 ms-image\"><img decoding=\"async\" loading=\"lazy\" src=\"http:\/\/marieetpaula.com\/wp-content\/uploads\/2024\/08\/B8A5140.jpg\" height=\"800\" width=\"1200\" alt=\"\" class=\"slider-1208 slide-1187\" style=\"margin: 0 auto; width: 44.444444444444%\"><\/li>\n<li style=\"display: none; width: 100%;\" class=\"slide-1189 ms-image\"><img decoding=\"async\" loading=\"lazy\" src=\"http:\/\/marieetpaula.com\/wp-content\/uploads\/2024\/08\/B8A5142.jpg\" height=\"800\" width=\"1200\" alt=\"\" class=\"slider-1208 slide-1189\" style=\"margin: 0 auto; width: 44.444444444444%\"><\/li>\n<li style=\"display: none; width: 100%;\" class=\"slide-1188 ms-image\"><img decoding=\"async\" loading=\"lazy\" src=\"http:\/\/marieetpaula.com\/wp-content\/uploads\/2024\/08\/B8A5141.jpg\" height=\"800\" width=\"1200\" alt=\"\" class=\"slider-1208 slide-1188\" style=\"margin: 0 auto; width: 44.444444444444%\"><\/li>\n<\/ul>\n<p><script type=\"text\/javascript\">\nvar metaslider_1208 = function($) {\n$('#metaslider_1208').addClass('flexslider'); \/\/ theme\/plugin conflict avoidance\n$('#metaslider_1208').flexslider({ \nslideshowSpeed:3000,\nanimation:\"fade\",\ncontrolNav:false,\ndirectionNav:true,\npauseOnHover:true,\ndirection:\"horizontal\",\nreverse:false,\nanimationSpeed:600,\nprevText:\"<\",\nnextText:\">\",\nslideshow:true\n});\n};\nvar timer_metaslider_1208 = function() {\nvar slider = !window.jQuery ? window.setTimeout(timer_metaslider_1208, 100) : !jQuery.isReady ? window.setTimeout(timer_metaslider_1208, 1) : metaslider_1208(window.jQuery);\n};\ntimer_metaslider_1208();\n<\/script><br \/>\n<!--\/\/ meta slider--><\/p>\n","protected":false},"excerpt":{"rendered":"<p>Appartement rue Ginoux-Paris 15 Ma\u00eetrise d\u2019ouvrage\u00a0: Priv\u00e9e\u00a0 \/\/ Calendrier\u00a0:\u00a0livr\u00e9 en 2024 \/\/ Programme\u00a0: R\u00e9union de 2 appartements et r\u00e9am\u00e9nagement complet<\/p>\n","protected":false},"author":1,"featured_media":1229,"parent":16,"menu_order":0,"comment_status":"closed","ping_status":"closed","template":"template-fullwidth.php","meta":[],"_links":{"self":[{"href":"https:\/\/www.marieetpaula.com\/index.php\/wp-json\/wp\/v2\/pages\/1222"}],"collection":[{"href":"https:\/\/www.marieetpaula.com\/index.php\/wp-json\/wp\/v2\/pages"}],"about":[{"href":"https:\/\/www.marieetpaula.com\/index.php\/wp-json\/wp\/v2\/types\/page"}],"author":[{"embeddable":true,"href":"https:\/\/www.marieetpaula.com\/index.php\/wp-json\/wp\/v2\/users\/1"}],"replies":[{"embeddable":true,"href":"https:\/\/www.marieetpaula.com\/index.php\/wp-json\/wp\/v2\/comments?post=1222"}],"version-history":[{"count":2,"href":"https:\/\/www.marieetpaula.com\/index.php\/wp-json\/wp\/v2\/pages\/1222\/revisions"}],"predecessor-version":[{"id":1227,"href":"https:\/\/www.marieetpaula.com\/index.php\/wp-json\/wp\/v2\/pages\/1222\/revisions\/1227"}],"up":[{"embeddable":true,"href":"https:\/\/www.marieetpaula.com\/index.php\/wp-json\/wp\/v2\/pages\/16"}],"wp:featuredmedia":[{"embeddable":true,"href":"https:\/\/www.marieetpaula.com\/index.php\/wp-json\/wp\/v2\/media\/1229"}],"wp:attachment":[{"href":"https:\/\/www.marieetpaula.com\/index.php\/wp-json\/wp\/v2\/media?parent=1222"}],"curies":[{"name":"wp","href":"https:\/\/api.w.org\/{rel}","templated":true}]}}