{"id":37,"date":"2019-03-20T09:59:57","date_gmt":"2019-03-20T08:59:57","guid":{"rendered":"http:\/\/marieetpaula.com\/?page_id=37"},"modified":"2021-08-04T06:54:13","modified_gmt":"2021-08-04T05:54:13","slug":"maison-volvent-bourgogne","status":"publish","type":"page","link":"https:\/\/www.marieetpaula.com\/index.php\/etude-chantier\/maison-volvent-bourgogne\/","title":{"rendered":"Maison de campagne \/ Bourgogne"},"content":{"rendered":"<h3 class=\"widget-title\">MAISON DE CAMPAGNE &#8211; VOLVENT (89)<\/h3>\n<p>Ma\u00eetrise d\u2019ouvrage&nbsp;: Priv\u00e9e&nbsp; \/\/ Calendrier&nbsp;:&nbsp;livr\u00e9 en 2017 \/\/ <strong>Programme : <\/strong>R\u00e9-am\u00e9nagement&nbsp;complet de la maison: cr\u00e9ation d&rsquo;une salle de salle de bain, am\u00e9nagement d&rsquo;une cuisine, cr\u00e9ation de meubles sur mesure<\/p>\n<p>&nbsp;<\/p>\n<p><!-- meta slider --><\/p>\n<ul class=\"slides\">\n<li style=\"display: block; width: 100%;\" class=\"slide-387 ms-image\"><img decoding=\"async\" loading=\"lazy\" src=\"http:\/\/marieetpaula.com\/wp-content\/uploads\/2016\/11\/67B3738.jpg\" alt=\"\" class=\"slider-124 slide-387\" style=\"margin-top: 0.013020833333333%\" width=\"1200\" height=\"800\"><\/li>\n<li style=\"display: none; width: 100%;\" class=\"slide-389 ms-image\"><img decoding=\"async\" loading=\"lazy\" src=\"http:\/\/marieetpaula.com\/wp-content\/uploads\/2016\/11\/67B3756.jpg\" alt=\"\" class=\"slider-124 slide-389\" style=\"margin: 0 auto; width: 95.232512700274%\" width=\"1200\" height=\"800\"><\/li>\n<li style=\"display: none; width: 100%;\" class=\"slide-388 ms-image\"><img decoding=\"async\" loading=\"lazy\" src=\"http:\/\/marieetpaula.com\/wp-content\/uploads\/2016\/11\/67B3749.jpg\" alt=\"\" class=\"slider-124 slide-388\" style=\"margin: 0 auto; width: 49.990236281976%\" width=\"1200\" height=\"800\"><\/li>\n<li style=\"display: none; width: 100%;\" class=\"slide-390 ms-image\"><img decoding=\"async\" loading=\"lazy\" src=\"http:\/\/marieetpaula.com\/wp-content\/uploads\/2016\/11\/67B3763.jpg\" alt=\"\" class=\"slider-124 slide-390\" style=\"margin: 0 auto; width: 44.444444444444%\" width=\"1200\" height=\"800\"><\/li>\n<li style=\"display: none; width: 100%;\" class=\"slide-391 ms-image\"><img decoding=\"async\" loading=\"lazy\" src=\"http:\/\/marieetpaula.com\/wp-content\/uploads\/2016\/11\/67B3768.jpg\" alt=\"\" class=\"slider-124 slide-391\" style=\"margin: 0 auto; width: 49.990236281976%\" width=\"1200\" height=\"800\"><\/li>\n<li style=\"display: none; width: 100%;\" class=\"slide-392 ms-image\"><img decoding=\"async\" loading=\"lazy\" src=\"http:\/\/marieetpaula.com\/wp-content\/uploads\/2016\/11\/67B3771.jpg\" alt=\"\" class=\"slider-124 slide-392\" style=\"margin: 0 auto; width: 44.444444444444%\" width=\"1200\" height=\"800\"><\/li>\n<li style=\"display: none; width: 100%;\" class=\"slide-393 ms-image\"><img decoding=\"async\" loading=\"lazy\" src=\"http:\/\/marieetpaula.com\/wp-content\/uploads\/2016\/11\/67B3775-copie.jpg\" alt=\"\" class=\"slider-124 slide-393\" style=\"margin: 0 auto; width: 89.652777777778%\" width=\"1200\" height=\"800\"><\/li>\n<li style=\"display: none; width: 100%;\" class=\"slide-167 ms-image\"><img decoding=\"async\" loading=\"lazy\" src=\"http:\/\/marieetpaula.com\/wp-content\/uploads\/2016\/02\/67B0365.jpg\" alt=\"\" class=\"slider-124 slide-167\" style=\"margin: 0 auto; width: 44.444444444444%\" width=\"1200\" height=\"800\"><\/li>\n<li style=\"display: none; width: 100%;\" class=\"slide-168 ms-image\"><img decoding=\"async\" loading=\"lazy\" src=\"http:\/\/marieetpaula.com\/wp-content\/uploads\/2016\/02\/67B0366-copie.jpg\" alt=\"\" class=\"slider-124 slide-168\" style=\"margin: 0 auto; width: 89.777777777778%\" width=\"1200\" height=\"800\"><\/li>\n<li style=\"display: none; width: 100%;\" class=\"slide-169 ms-image\"><img decoding=\"async\" loading=\"lazy\" src=\"http:\/\/marieetpaula.com\/wp-content\/uploads\/2016\/02\/67B0368.jpg\" alt=\"\" class=\"slider-124 slide-169\" style=\"margin: 0 auto; width: 44.444444444444%\" width=\"1200\" height=\"800\"><\/li>\n<li style=\"display: none; width: 100%;\" class=\"slide-170 ms-image\"><img decoding=\"async\" loading=\"lazy\" src=\"http:\/\/marieetpaula.com\/wp-content\/uploads\/2016\/02\/67B0377.jpg\" alt=\"\" class=\"slider-124 slide-170\" style=\"margin: 0 auto; width: 100%\" width=\"1200\" height=\"800\"><\/li>\n<li style=\"display: none; width: 100%;\" class=\"slide-171 ms-image\"><img decoding=\"async\" loading=\"lazy\" src=\"http:\/\/marieetpaula.com\/wp-content\/uploads\/2016\/02\/67B0379.jpg\" alt=\"\" class=\"slider-124 slide-171\" style=\"margin: 0 auto; width: 100%\" width=\"1200\" height=\"800\"><\/li>\n<li style=\"display: none; width: 100%;\" class=\"slide-173 ms-image\"><img decoding=\"async\" loading=\"lazy\" src=\"http:\/\/marieetpaula.com\/wp-content\/uploads\/2016\/02\/67B0390.jpg\" alt=\"\" class=\"slider-124 slide-173\" style=\"margin: 0 auto; width: 100%\" width=\"1200\" height=\"800\"><\/li>\n<li style=\"display: none; width: 100%;\" class=\"slide-172 ms-image\"><img decoding=\"async\" loading=\"lazy\" src=\"http:\/\/marieetpaula.com\/wp-content\/uploads\/2016\/02\/67B0380.jpg\" alt=\"\" class=\"slider-124 slide-172\" style=\"margin: 0 auto; width: 44.444444444444%\" width=\"1200\" height=\"800\"><\/li>\n<li style=\"display: none; width: 100%;\" class=\"slide-174 ms-image\"><img decoding=\"async\" loading=\"lazy\" src=\"http:\/\/marieetpaula.com\/wp-content\/uploads\/2016\/02\/67B0400.jpg\" alt=\"\" class=\"slider-124 slide-174\" style=\"margin-top: 1.5277777777778%\" width=\"1200\" height=\"800\"><\/li>\n<li style=\"display: none; width: 100%;\" class=\"slide-175 ms-image\"><img decoding=\"async\" loading=\"lazy\" src=\"http:\/\/marieetpaula.com\/wp-content\/uploads\/2016\/02\/67B0402.jpg\" alt=\"\" class=\"slider-124 slide-175\" style=\"margin: 0 auto; width: 40.481481481481%\" width=\"1200\" height=\"800\"><\/li>\n<li style=\"display: none; width: 100%;\" class=\"slide-176 ms-image\"><img decoding=\"async\" loading=\"lazy\" src=\"http:\/\/marieetpaula.com\/wp-content\/uploads\/2016\/02\/67B0403.jpg\" alt=\"\" class=\"slider-124 slide-176\" style=\"margin: 0 auto; width: 44.444444444444%\" width=\"1200\" height=\"800\"><\/li>\n<li style=\"display: none; width: 100%;\" class=\"slide-178 ms-image\"><img decoding=\"async\" loading=\"lazy\" src=\"http:\/\/marieetpaula.com\/wp-content\/uploads\/2016\/02\/67B0406.jpg\" alt=\"\" class=\"slider-124 slide-178\" style=\"margin: 0 auto; width: 44.444444444444%\" width=\"1200\" height=\"800\"><\/li>\n<li style=\"display: none; width: 100%;\" class=\"slide-177 ms-image\"><img decoding=\"async\" loading=\"lazy\" src=\"http:\/\/marieetpaula.com\/wp-content\/uploads\/2016\/02\/67B0405.jpg\" alt=\"\" class=\"slider-124 slide-177\" style=\"margin: 0 auto; width: 100%\" width=\"1200\" height=\"800\"><\/li>\n<li style=\"display: none; width: 100%;\" class=\"slide-129 ms-image\"><img decoding=\"async\" loading=\"lazy\" src=\"http:\/\/marieetpaula.com\/wp-content\/uploads\/2016\/02\/SDB-02-06-2014.jpg\" alt=\"\" class=\"slider-124 slide-129\" style=\"margin-top: 4.9583333333333%\" width=\"1200\" height=\"800\"><\/li>\n<li style=\"display: none; width: 100%;\" class=\"slide-126 ms-image\"><img decoding=\"async\" loading=\"lazy\" src=\"http:\/\/marieetpaula.com\/wp-content\/uploads\/2016\/02\/SDB-02-06-2014_1.jpg\" alt=\"\" class=\"slider-124 slide-126\" style=\"margin-top: 4.9166666666667%\" width=\"1200\" height=\"800\"><\/li>\n<li style=\"display: none; width: 100%;\" class=\"slide-125 ms-image\"><img decoding=\"async\" loading=\"lazy\" src=\"http:\/\/marieetpaula.com\/wp-content\/uploads\/2016\/02\/PREMIER-ETAGE.jpg\" alt=\"\" class=\"slider-124 slide-125\" style=\"margin: 0 auto; width: 66.333333333333%\" width=\"1200\" height=\"800\"><\/li>\n<li style=\"display: none; width: 100%;\" class=\"slide-127 ms-image\"><img decoding=\"async\" loading=\"lazy\" src=\"http:\/\/marieetpaula.com\/wp-content\/uploads\/2016\/02\/SDB-02-06-2014_2.jpg\" alt=\"\" class=\"slider-124 slide-127\" style=\"margin-top: 5%\" width=\"1200\" height=\"800\"><\/li>\n<li style=\"display: none; width: 100%;\" class=\"slide-128 ms-image\"><img decoding=\"async\" loading=\"lazy\" src=\"http:\/\/marieetpaula.com\/wp-content\/uploads\/2016\/02\/SDB-02-06-2014_3.jpg\" alt=\"\" class=\"slider-124 slide-128\" style=\"margin-top: 4.9583333333333%\" width=\"1200\" height=\"800\"><\/li>\n<li style=\"display: none; width: 100%;\" class=\"slide-181 ms-image\"><img decoding=\"async\" loading=\"lazy\" src=\"http:\/\/marieetpaula.com\/wp-content\/uploads\/2016\/02\/67B0362-copie-1.jpg\" alt=\"\" class=\"slider-124 slide-181\" style=\"margin: 0 auto; width: 99.977523038885%\" width=\"1200\" height=\"800\"><\/li>\n<\/ul>\n<p><script type=\"text\/javascript\">\nvar metaslider_124 = function($) {\n$('#metaslider_124').addClass('flexslider'); \/\/ theme\/plugin conflict avoidance\n$('#metaslider_124').flexslider({ \nslideshowSpeed:3000,\nanimation:\"fade\",\ncontrolNav:false,\ndirectionNav:true,\npauseOnHover:true,\ndirection:\"horizontal\",\nreverse:false,\nanimationSpeed:600,\nprevText:\"&lt;\",\nnextText:\"&gt;\",\nslideshow:true\n});\n};\nvar timer_metaslider_124 = function() {\nvar slider = !window.jQuery ? window.setTimeout(timer_metaslider_124, 100) : !jQuery.isReady ? window.setTimeout(timer_metaslider_124, 1) : metaslider_124(window.jQuery);\n};\ntimer_metaslider_124();\n<\/script><br \/>\n<!--\/\/ meta slider--><\/p>\n","protected":false},"excerpt":{"rendered":"<p>MAISON DE CAMPAGNE &#8211; VOLVENT (89) Ma\u00eetrise d\u2019ouvrage&nbsp;: Priv\u00e9e&nbsp; \/\/ Calendrier&nbsp;:&nbsp;livr\u00e9 en 2017 \/\/ Programme : R\u00e9-am\u00e9nagement&nbsp;complet de la maison: cr\u00e9ation d&rsquo;une salle de salle de bain, am\u00e9nagement d&rsquo;une cuisine, cr\u00e9ation de meubles sur mesure &nbsp;<\/p>\n","protected":false},"author":1,"featured_media":177,"parent":18,"menu_order":0,"comment_status":"closed","ping_status":"closed","template":"template-fullwidth.php","meta":[],"_links":{"self":[{"href":"https:\/\/www.marieetpaula.com\/index.php\/wp-json\/wp\/v2\/pages\/37"}],"collection":[{"href":"https:\/\/www.marieetpaula.com\/index.php\/wp-json\/wp\/v2\/pages"}],"about":[{"href":"https:\/\/www.marieetpaula.com\/index.php\/wp-json\/wp\/v2\/types\/page"}],"author":[{"embeddable":true,"href":"https:\/\/www.marieetpaula.com\/index.php\/wp-json\/wp\/v2\/users\/1"}],"replies":[{"embeddable":true,"href":"https:\/\/www.marieetpaula.com\/index.php\/wp-json\/wp\/v2\/comments?post=37"}],"version-history":[{"count":20,"href":"https:\/\/www.marieetpaula.com\/index.php\/wp-json\/wp\/v2\/pages\/37\/revisions"}],"predecessor-version":[{"id":944,"href":"https:\/\/www.marieetpaula.com\/index.php\/wp-json\/wp\/v2\/pages\/37\/revisions\/944"}],"up":[{"embeddable":true,"href":"https:\/\/www.marieetpaula.com\/index.php\/wp-json\/wp\/v2\/pages\/18"}],"wp:featuredmedia":[{"embeddable":true,"href":"https:\/\/www.marieetpaula.com\/index.php\/wp-json\/wp\/v2\/media\/177"}],"wp:attachment":[{"href":"https:\/\/www.marieetpaula.com\/index.php\/wp-json\/wp\/v2\/media?parent=37"}],"curies":[{"name":"wp","href":"https:\/\/api.w.org\/{rel}","templated":true}]}}