{"id":41,"date":"2015-01-01T16:30:03","date_gmt":"2015-01-01T15:30:03","guid":{"rendered":"http:\/\/marieetpaula.com\/?page_id=41"},"modified":"2023-08-28T21:08:01","modified_gmt":"2023-08-28T20:08:01","slug":"maison-rue-de-bellevue-antony-94","status":"publish","type":"page","link":"https:\/\/www.marieetpaula.com\/index.php\/etude-chantier\/maison-rue-de-bellevue-antony-94\/","title":{"rendered":"Maison rue de Bellevue-Antony (94)"},"content":{"rendered":"<h3 class=\"widget-title\">MAISON RUE DE BELLEVUE &#8211; ANTONY <\/h3>\n<h5>Ma\u00eetrise d\u2019ouvrage\u00a0: Priv\u00e9e\u00a0 \/\/ Calendrier\u00a0:\u00a0livr\u00e9 en 2018 \/\/ <strong>Programme\u00a0: <\/strong>Sur\u00e9l\u00e9vation et extension + r\u00e9am\u00e9nagement<br \/>\npartiel de la maison existante.<\/h5>\n<p><!-- meta slider --><\/p>\n<ul class=\"slides\">\n<li style=\"display: block; width: 100%;\" class=\"slide-625 ms-image\"><img decoding=\"async\" loading=\"lazy\" src=\"http:\/\/marieetpaula.com\/wp-content\/uploads\/2018\/06\/01_67B7693-copie.jpg\" alt=\"\" class=\"slider-214 slide-625\" style=\"margin: 0 auto; width: 98.866666666667%\" width=\"1200\" height=\"800\"><\/li>\n<li style=\"display: none; width: 100%;\" class=\"slide-605 ms-image\"><img decoding=\"async\" loading=\"lazy\" src=\"http:\/\/marieetpaula.com\/wp-content\/uploads\/2018\/06\/05_Montage-exte\u0301rieur-1.jpg\" alt=\"\" class=\"slider-214 slide-605\" style=\"margin: 0 auto; width: 89.245872378402%\" width=\"1200\" height=\"800\"><\/li>\n<li style=\"display: none; width: 100%;\" class=\"slide-604 ms-image\"><img decoding=\"async\" loading=\"lazy\" src=\"http:\/\/marieetpaula.com\/wp-content\/uploads\/2018\/06\/04_67B7684.jpg\" alt=\"\" class=\"slider-214 slide-604\" style=\"margin: 0 auto; width: 53.333333333333%\" width=\"1200\" height=\"800\"><\/li>\n<li style=\"display: none; width: 100%;\" class=\"slide-603 ms-image\"><img decoding=\"async\" loading=\"lazy\" src=\"http:\/\/marieetpaula.com\/wp-content\/uploads\/2018\/06\/03_Montage-exte\u0301rieur-2.jpg\" alt=\"\" class=\"slider-214 slide-603\" style=\"margin: 0 auto; width: 85.140562248996%\" width=\"1200\" height=\"800\"><\/li>\n<li style=\"display: none; width: 100%;\" class=\"slide-606 ms-image\"><img decoding=\"async\" loading=\"lazy\" src=\"http:\/\/marieetpaula.com\/wp-content\/uploads\/2018\/06\/06_Montage-exte\u0301rieur-3.jpg\" alt=\"\" class=\"slider-214 slide-606\" style=\"margin: 0 auto; width: 98.444444444444%\" width=\"1200\" height=\"800\"><\/li>\n<li style=\"display: none; width: 100%;\" class=\"slide-620 ms-image\"><img decoding=\"async\" loading=\"lazy\" src=\"http:\/\/marieetpaula.com\/wp-content\/uploads\/2018\/06\/08_Montage-Inte\u0301rieur-3-1.jpg\" alt=\"\" class=\"slider-214 slide-620\" style=\"margin: 0 auto; width: 89.611111111111%\" width=\"1200\" height=\"800\"><\/li>\n<li style=\"display: none; width: 100%;\" class=\"slide-627 ms-image\"><img decoding=\"async\" loading=\"lazy\" src=\"http:\/\/marieetpaula.com\/wp-content\/uploads\/2018\/06\/09_Montage-Inte\u0301rieur-1-1.jpg\" alt=\"\" class=\"slider-214 slide-627\" style=\"margin-top: 9.447983014862%\" width=\"1200\" height=\"800\"><\/li>\n<li style=\"display: none; width: 100%;\" class=\"slide-610 ms-image\"><img decoding=\"async\" loading=\"lazy\" src=\"http:\/\/marieetpaula.com\/wp-content\/uploads\/2018\/06\/10_67B7737.jpg\" alt=\"\" class=\"slider-214 slide-610\" style=\"margin: 0 auto; width: 100%\" width=\"1200\" height=\"800\"><\/li>\n<li style=\"display: none; width: 100%;\" class=\"slide-611 ms-image\"><img decoding=\"async\" loading=\"lazy\" src=\"http:\/\/marieetpaula.com\/wp-content\/uploads\/2018\/06\/11_67B0284.jpg\" alt=\"\" class=\"slider-214 slide-611\" style=\"margin: 0 auto; width: 83.333333333333%\" width=\"1200\" height=\"800\"><\/li>\n<li style=\"display: none; width: 100%;\" class=\"slide-612 ms-image\"><img decoding=\"async\" loading=\"lazy\" src=\"http:\/\/marieetpaula.com\/wp-content\/uploads\/2018\/06\/12_67B7741.jpg\" alt=\"\" class=\"slider-214 slide-612\" style=\"margin-top: 0.0083333333333352%\" width=\"1200\" height=\"800\"><\/li>\n<li style=\"display: none; width: 100%;\" class=\"slide-613 ms-image\"><img decoding=\"async\" loading=\"lazy\" src=\"http:\/\/marieetpaula.com\/wp-content\/uploads\/2018\/06\/13_67B7742.jpg\" alt=\"\" class=\"slider-214 slide-613\" style=\"margin: 0 auto; width: 44.431209053008%\" width=\"1200\" height=\"800\"><\/li>\n<li style=\"display: none; width: 100%;\" class=\"slide-615 ms-image\"><img decoding=\"async\" loading=\"lazy\" src=\"http:\/\/marieetpaula.com\/wp-content\/uploads\/2018\/06\/15_67B7716.jpg\" alt=\"\" class=\"slider-214 slide-615\" style=\"margin: 0 auto; width: 44.444444444444%\" width=\"1200\" height=\"800\"><\/li>\n<li style=\"display: none; width: 100%;\" class=\"slide-616 ms-image\"><img decoding=\"async\" loading=\"lazy\" src=\"http:\/\/marieetpaula.com\/wp-content\/uploads\/2018\/06\/16_67B7719.jpg\" alt=\"\" class=\"slider-214 slide-616\" style=\"margin: 0 auto; width: 53.333333333333%\" width=\"1200\" height=\"800\"><\/li>\n<li style=\"display: none; width: 100%;\" class=\"slide-617 ms-image\"><img decoding=\"async\" loading=\"lazy\" src=\"http:\/\/marieetpaula.com\/wp-content\/uploads\/2018\/06\/17_IMG_1741.jpg\" alt=\"\" class=\"slider-214 slide-617\" style=\"margin-top: 0.51057622173596%\" width=\"1200\" height=\"800\"><\/li>\n<li style=\"display: none; width: 100%;\" class=\"slide-618 ms-image\"><img decoding=\"async\" loading=\"lazy\" src=\"http:\/\/marieetpaula.com\/wp-content\/uploads\/2018\/06\/18_67B7725.jpg\" alt=\"\" class=\"slider-214 slide-618\" style=\"margin: 0 auto; width: 53.333333333333%\" width=\"1200\" height=\"800\"><\/li>\n<li style=\"display: none; width: 100%;\" class=\"slide-619 ms-image\"><img decoding=\"async\" loading=\"lazy\" src=\"http:\/\/marieetpaula.com\/wp-content\/uploads\/2018\/06\/19_67B7712.jpg\" alt=\"\" class=\"slider-214 slide-619\" style=\"margin: 0 auto; width: 44.444444444444%\" width=\"1200\" height=\"800\"><\/li>\n<\/ul>\n<p><script type=\"text\/javascript\">\nvar metaslider_214 = function($) {\n$('#metaslider_214').addClass('flexslider'); \/\/ theme\/plugin conflict avoidance\n$('#metaslider_214').flexslider({ \nslideshowSpeed:3000,\nanimation:\"fade\",\ncontrolNav:false,\ndirectionNav:true,\npauseOnHover:true,\ndirection:\"horizontal\",\nreverse:false,\nanimationSpeed:600,\nprevText:\"<\",\nnextText:\">\",\nslideshow:true\n});\n};\nvar timer_metaslider_214 = function() {\nvar slider = !window.jQuery ? window.setTimeout(timer_metaslider_214, 100) : !jQuery.isReady ? window.setTimeout(timer_metaslider_214, 1) : metaslider_214(window.jQuery);\n};\ntimer_metaslider_214();\n<\/script><br \/>\n<!--\/\/ meta slider--><\/p>\n","protected":false},"excerpt":{"rendered":"<p>MAISON RUE DE BELLEVUE &#8211; ANTONY Ma\u00eetrise d\u2019ouvrage\u00a0: Priv\u00e9e\u00a0 \/\/ Calendrier\u00a0:\u00a0livr\u00e9 en 2018 \/\/ Programme\u00a0: Sur\u00e9l\u00e9vation et extension + r\u00e9am\u00e9nagement partiel de la maison existante.<\/p>\n","protected":false},"author":1,"featured_media":624,"parent":18,"menu_order":0,"comment_status":"closed","ping_status":"closed","template":"template-fullwidth.php","meta":[],"_links":{"self":[{"href":"https:\/\/www.marieetpaula.com\/index.php\/wp-json\/wp\/v2\/pages\/41"}],"collection":[{"href":"https:\/\/www.marieetpaula.com\/index.php\/wp-json\/wp\/v2\/pages"}],"about":[{"href":"https:\/\/www.marieetpaula.com\/index.php\/wp-json\/wp\/v2\/types\/page"}],"author":[{"embeddable":true,"href":"https:\/\/www.marieetpaula.com\/index.php\/wp-json\/wp\/v2\/users\/1"}],"replies":[{"embeddable":true,"href":"https:\/\/www.marieetpaula.com\/index.php\/wp-json\/wp\/v2\/comments?post=41"}],"version-history":[{"count":14,"href":"https:\/\/www.marieetpaula.com\/index.php\/wp-json\/wp\/v2\/pages\/41\/revisions"}],"predecessor-version":[{"id":1114,"href":"https:\/\/www.marieetpaula.com\/index.php\/wp-json\/wp\/v2\/pages\/41\/revisions\/1114"}],"up":[{"embeddable":true,"href":"https:\/\/www.marieetpaula.com\/index.php\/wp-json\/wp\/v2\/pages\/18"}],"wp:featuredmedia":[{"embeddable":true,"href":"https:\/\/www.marieetpaula.com\/index.php\/wp-json\/wp\/v2\/media\/624"}],"wp:attachment":[{"href":"https:\/\/www.marieetpaula.com\/index.php\/wp-json\/wp\/v2\/media?parent=41"}],"curies":[{"name":"wp","href":"https:\/\/api.w.org\/{rel}","templated":true}]}}