{"id":539,"date":"2022-01-01T10:10:04","date_gmt":"2022-01-01T09:10:04","guid":{"rendered":"http:\/\/marieetpaula.com\/?page_id=539"},"modified":"2023-08-28T21:02:48","modified_gmt":"2023-08-28T20:02:48","slug":"colonie-2-immeuble-nuages","status":"publish","type":"page","link":"https:\/\/www.marieetpaula.com\/index.php\/etude-chantier\/colonie-2-immeuble-nuages\/","title":{"rendered":"Appartement immeuble Nuages &#8211; rue de la Colonie \/ Paris 13"},"content":{"rendered":"<h3 class=\"widget-title\">Appartement immeuble Nuages PARIS 13\u00b0<\/h3>\n<p>Ma\u00eetrise d\u2019ouvrage\u00a0: Priv\u00e9e\u00a0 \/\/ Calendrier\u00a0:\u00a0livr\u00e9 en 2017 \/\/ <strong>Programme\u00a0: <\/strong><strong>Am\u00e9nagement complet d&rsquo;un plateau brut, du cloisonnement des pi\u00e8ces \u00e0 la conception des meubles sur mesure<\/strong><\/p>\n<p><!-- meta slider --><\/p>\n<ul class=\"slides\">\n<li style=\"display: block; width: 100%;\" class=\"slide-545 ms-image\"><img decoding=\"async\" loading=\"lazy\" src=\"http:\/\/marieetpaula.com\/wp-content\/uploads\/2017\/10\/01_67B2003.jpg\" alt=\"\" class=\"slider-544 slide-545\" style=\"margin: 0 auto; width: 99.950024987506%\" width=\"1200\" height=\"800\"><\/li>\n<li style=\"display: none; width: 100%;\" class=\"slide-546 ms-image\"><img decoding=\"async\" loading=\"lazy\" src=\"http:\/\/marieetpaula.com\/wp-content\/uploads\/2017\/10\/02_Exist1.jpg\" alt=\"\" class=\"slider-544 slide-546\" style=\"margin-top: 0.0083333333333352%\" width=\"1200\" height=\"800\"><\/li>\n<li style=\"display: none; width: 100%;\" class=\"slide-547 ms-image\"><img decoding=\"async\" loading=\"lazy\" src=\"http:\/\/marieetpaula.com\/wp-content\/uploads\/2017\/10\/03_67B1997.jpg\" alt=\"\" class=\"slider-544 slide-547\" style=\"margin: 0 auto; width: 99.950024987506%\" width=\"1200\" height=\"800\"><\/li>\n<li style=\"display: none; width: 100%;\" class=\"slide-548 ms-image\"><img decoding=\"async\" loading=\"lazy\" src=\"http:\/\/marieetpaula.com\/wp-content\/uploads\/2017\/10\/04_67B1979.jpg\" alt=\"\" class=\"slider-544 slide-548\" style=\"margin: 0 auto; width: 44.466666666667%\" width=\"1200\" height=\"800\"><\/li>\n<li style=\"display: none; width: 100%;\" class=\"slide-549 ms-image\"><img decoding=\"async\" loading=\"lazy\" src=\"http:\/\/marieetpaula.com\/wp-content\/uploads\/2017\/10\/05_MontageSalon.jpg\" alt=\"\" class=\"slider-544 slide-549\" style=\"margin: 0 auto; width: 89.866666666667%\" width=\"1200\" height=\"800\"><\/li>\n<li style=\"display: none; width: 100%;\" class=\"slide-550 ms-image\"><img decoding=\"async\" loading=\"lazy\" src=\"http:\/\/marieetpaula.com\/wp-content\/uploads\/2017\/10\/06_Exist3.jpg\" alt=\"\" class=\"slider-544 slide-550\" style=\"margin-top: 7.9368149580916%\" width=\"1200\" height=\"800\"><\/li>\n<li style=\"display: none; width: 100%;\" class=\"slide-551 ms-image\"><img decoding=\"async\" loading=\"lazy\" src=\"http:\/\/marieetpaula.com\/wp-content\/uploads\/2017\/10\/07_67B1992-bis.jpg\" alt=\"\" class=\"slider-544 slide-551\" style=\"margin: 0 auto; width: 79.661016949153%\" width=\"1200\" height=\"800\"><\/li>\n<li style=\"display: none; width: 100%;\" class=\"slide-552 ms-image\"><img decoding=\"async\" loading=\"lazy\" src=\"http:\/\/marieetpaula.com\/wp-content\/uploads\/2017\/10\/08_67B1983.jpg\" alt=\"\" class=\"slider-544 slide-552\" style=\"margin: 0 auto; width: 99.950024987506%\" width=\"1200\" height=\"800\"><\/li>\n<li style=\"display: none; width: 100%;\" class=\"slide-553 ms-image\"><img decoding=\"async\" loading=\"lazy\" src=\"http:\/\/marieetpaula.com\/wp-content\/uploads\/2017\/10\/08_Salon4.jpg\" alt=\"\" class=\"slider-544 slide-553\" style=\"margin: 0 auto; width: 53.381352541016%\" width=\"1200\" height=\"800\"><\/li>\n<li style=\"display: none; width: 100%;\" class=\"slide-554 ms-image\"><img decoding=\"async\" loading=\"lazy\" src=\"http:\/\/marieetpaula.com\/wp-content\/uploads\/2017\/10\/09_67B1988.jpg\" alt=\"\" class=\"slider-544 slide-554\" style=\"margin: 0 auto; width: 79.086538461538%\" width=\"1200\" height=\"800\"><\/li>\n<li style=\"display: none; width: 100%;\" class=\"slide-555 ms-image\"><img decoding=\"async\" loading=\"lazy\" src=\"http:\/\/marieetpaula.com\/wp-content\/uploads\/2017\/10\/10_MontagePetiteChambre-1.jpg\" alt=\"\" class=\"slider-544 slide-555\" style=\"margin: 0 auto; width: 89.866666666667%\" width=\"1200\" height=\"800\"><\/li>\n<li style=\"display: none; width: 100%;\" class=\"slide-556 ms-image\"><img decoding=\"async\" loading=\"lazy\" src=\"http:\/\/marieetpaula.com\/wp-content\/uploads\/2017\/10\/11_67B2001.jpg\" alt=\"\" class=\"slider-544 slide-556\" style=\"margin: 0 auto; width: 82.643245503973%\" width=\"1200\" height=\"800\"><\/li>\n<li style=\"display: none; width: 100%;\" class=\"slide-557 ms-image\"><img decoding=\"async\" loading=\"lazy\" src=\"http:\/\/marieetpaula.com\/wp-content\/uploads\/2017\/10\/11_MontagePetiteChambre-2.jpg\" alt=\"\" class=\"slider-544 slide-557\" style=\"margin: 0 auto; width: 89.733333333333%\" width=\"1200\" height=\"800\"><\/li>\n<li style=\"display: none; width: 100%;\" class=\"slide-558 ms-image\"><img decoding=\"async\" loading=\"lazy\" src=\"http:\/\/marieetpaula.com\/wp-content\/uploads\/2017\/10\/12_MontagePetiteChambre-3.jpg\" alt=\"\" class=\"slider-544 slide-558\" style=\"margin: 0 auto; width: 89.8%\" width=\"1200\" height=\"800\"><\/li>\n<li style=\"display: none; width: 100%;\" class=\"slide-559 ms-image\"><img decoding=\"async\" loading=\"lazy\" src=\"http:\/\/marieetpaula.com\/wp-content\/uploads\/2017\/10\/15_MontageChambre-1-copie.jpg\" alt=\"\" class=\"slider-544 slide-559\" style=\"margin: 0 auto; width: 89.866666666667%\" width=\"1200\" height=\"800\"><\/li>\n<li style=\"display: none; width: 100%;\" class=\"slide-560 ms-image\"><img decoding=\"async\" loading=\"lazy\" src=\"http:\/\/marieetpaula.com\/wp-content\/uploads\/2017\/10\/16_67B1955.jpg\" alt=\"\" class=\"slider-544 slide-560\" style=\"margin: 0 auto; width: 53.310759969902%\" width=\"1200\" height=\"800\"><\/li>\n<li style=\"display: none; width: 100%;\" class=\"slide-561 ms-image\"><img decoding=\"async\" loading=\"lazy\" src=\"http:\/\/marieetpaula.com\/wp-content\/uploads\/2017\/10\/17_MontageChambre-2.jpg\" alt=\"\" class=\"slider-544 slide-561\" style=\"margin: 0 auto; width: 89.866666666667%\" width=\"1200\" height=\"800\"><\/li>\n<li style=\"display: none; width: 100%;\" class=\"slide-562 ms-image\"><img decoding=\"async\" loading=\"lazy\" src=\"http:\/\/marieetpaula.com\/wp-content\/uploads\/2017\/10\/18_MontageEntre\u0301e-02.1.jpg\" alt=\"\" class=\"slider-544 slide-562\" style=\"margin: 0 auto; width: 90.133333333333%\" width=\"1200\" height=\"800\"><\/li>\n<li style=\"display: none; width: 100%;\" class=\"slide-563 ms-image\"><img decoding=\"async\" loading=\"lazy\" src=\"http:\/\/marieetpaula.com\/wp-content\/uploads\/2017\/10\/19_MontageEntre\u0301e-01.jpg\" alt=\"\" class=\"slider-544 slide-563\" style=\"margin: 0 auto; width: 90.2%\" width=\"1200\" height=\"800\"><\/li>\n<li style=\"display: none; width: 100%;\" class=\"slide-564 ms-image\"><img decoding=\"async\" loading=\"lazy\" src=\"http:\/\/marieetpaula.com\/wp-content\/uploads\/2017\/10\/20_MontageEntre\u0301e-03.jpg\" alt=\"\" class=\"slider-544 slide-564\" style=\"margin: 0 auto; width: 88.133333333333%\" width=\"1200\" height=\"800\"><\/li>\n<\/ul>\n<p><script type=\"text\/javascript\">\nvar metaslider_544 = function($) {\n$('#metaslider_544').addClass('flexslider'); \/\/ theme\/plugin conflict avoidance\n$('#metaslider_544').flexslider({ \nslideshowSpeed:3000,\nanimation:\"fade\",\ncontrolNav:false,\ndirectionNav:true,\npauseOnHover:true,\ndirection:\"horizontal\",\nreverse:false,\nanimationSpeed:600,\nprevText:\"<\",\nnextText:\">\",\nslideshow:true\n});\n};\nvar timer_metaslider_544 = function() {\nvar slider = !window.jQuery ? window.setTimeout(timer_metaslider_544, 100) : !jQuery.isReady ? window.setTimeout(timer_metaslider_544, 1) : metaslider_544(window.jQuery);\n};\ntimer_metaslider_544();\n<\/script><br \/>\n<!--\/\/ meta slider--><\/p>\n","protected":false},"excerpt":{"rendered":"<p>Appartement immeuble Nuages PARIS 13\u00b0 Ma\u00eetrise d\u2019ouvrage\u00a0: Priv\u00e9e\u00a0 \/\/ Calendrier\u00a0:\u00a0livr\u00e9 en 2017 \/\/ Programme\u00a0: Am\u00e9nagement complet d&rsquo;un plateau brut, du cloisonnement des pi\u00e8ces \u00e0 la conception des meubles sur mesure<\/p>\n","protected":false},"author":1,"featured_media":567,"parent":18,"menu_order":0,"comment_status":"closed","ping_status":"closed","template":"template-fullwidth.php","meta":[],"_links":{"self":[{"href":"https:\/\/www.marieetpaula.com\/index.php\/wp-json\/wp\/v2\/pages\/539"}],"collection":[{"href":"https:\/\/www.marieetpaula.com\/index.php\/wp-json\/wp\/v2\/pages"}],"about":[{"href":"https:\/\/www.marieetpaula.com\/index.php\/wp-json\/wp\/v2\/types\/page"}],"author":[{"embeddable":true,"href":"https:\/\/www.marieetpaula.com\/index.php\/wp-json\/wp\/v2\/users\/1"}],"replies":[{"embeddable":true,"href":"https:\/\/www.marieetpaula.com\/index.php\/wp-json\/wp\/v2\/comments?post=539"}],"version-history":[{"count":10,"href":"https:\/\/www.marieetpaula.com\/index.php\/wp-json\/wp\/v2\/pages\/539\/revisions"}],"predecessor-version":[{"id":1113,"href":"https:\/\/www.marieetpaula.com\/index.php\/wp-json\/wp\/v2\/pages\/539\/revisions\/1113"}],"up":[{"embeddable":true,"href":"https:\/\/www.marieetpaula.com\/index.php\/wp-json\/wp\/v2\/pages\/18"}],"wp:featuredmedia":[{"embeddable":true,"href":"https:\/\/www.marieetpaula.com\/index.php\/wp-json\/wp\/v2\/media\/567"}],"wp:attachment":[{"href":"https:\/\/www.marieetpaula.com\/index.php\/wp-json\/wp\/v2\/media?parent=539"}],"curies":[{"name":"wp","href":"https:\/\/api.w.org\/{rel}","templated":true}]}}