{"id":630,"date":"2022-01-02T16:00:05","date_gmt":"2022-01-02T15:00:05","guid":{"rendered":"http:\/\/marieetpaula.com\/?page_id=630"},"modified":"2023-08-28T20:58:03","modified_gmt":"2023-08-28T19:58:03","slug":"appartement-rue-bridaine-paris17","status":"publish","type":"page","link":"https:\/\/www.marieetpaula.com\/index.php\/a-propos\/appartement-rue-bridaine-paris17\/","title":{"rendered":"Appartement Paris17"},"content":{"rendered":"<h3 class=\"widget-title\">APPARTEMENT PARIS 17\u00b0<\/h3>\n<p>Ma\u00eetrise d\u2019ouvrage\u00a0: Priv\u00e9e\u00a0 \/\/ Calendrier\u00a0:\u00a0livr\u00e9 en 2018 \/\/ <strong>Programme\u00a0: <\/strong><strong>R\u00e9-am\u00e9nagement d&rsquo;une partie de l&rsquo;appartement: r\u00e9fection compl\u00e8te de la cuisine, des chambres et de la salle de bain des enfants.<\/strong><\/p>\n<p>\u00a0<\/p>\n<p><!-- meta slider --><\/p>\n<ul class=\"slides\">\n<li style=\"display: block; width: 100%;\" class=\"slide-634 ms-image\"><img decoding=\"async\" loading=\"lazy\" src=\"http:\/\/marieetpaula.com\/wp-content\/uploads\/2018\/09\/01_69A8171-2.jpg\" alt=\"\" class=\"slider-633 slide-634\" style=\"margin-top: 0.0083333333333352%\" width=\"1200\" height=\"800\"><\/li>\n<li style=\"display: none; width: 100%;\" class=\"slide-635 ms-image\"><img decoding=\"async\" loading=\"lazy\" src=\"http:\/\/marieetpaula.com\/wp-content\/uploads\/2018\/09\/02-Montage-cuisine-0.jpg\" alt=\"\" class=\"slider-633 slide-635\" style=\"margin: 0 auto; width: 90.133333333333%\" width=\"1200\" height=\"800\"><\/li>\n<li style=\"display: none; width: 100%;\" class=\"slide-636 ms-image\"><img decoding=\"async\" loading=\"lazy\" src=\"http:\/\/marieetpaula.com\/wp-content\/uploads\/2018\/09\/03_69A8178.jpg\" alt=\"\" class=\"slider-633 slide-636\" style=\"margin: 0 auto; width: 89.8%\" width=\"1200\" height=\"800\"><\/li>\n<li style=\"display: none; width: 100%;\" class=\"slide-637 ms-image\"><img decoding=\"async\" loading=\"lazy\" src=\"http:\/\/marieetpaula.com\/wp-content\/uploads\/2018\/09\/04-Montage-cuisine-3.jpg\" alt=\"\" class=\"slider-633 slide-637\" style=\"margin-top: 0.69582504970179%\" width=\"1200\" height=\"800\"><\/li>\n<li style=\"display: none; width: 100%;\" class=\"slide-638 ms-image\"><img decoding=\"async\" loading=\"lazy\" src=\"http:\/\/marieetpaula.com\/wp-content\/uploads\/2018\/09\/05-Montage-cuisine-4.jpg\" alt=\"\" class=\"slider-633 slide-638\" style=\"margin: 0 auto; width: 89.266666666667%\" width=\"1200\" height=\"800\"><\/li>\n<li style=\"display: none; width: 100%;\" class=\"slide-640 ms-image\"><img decoding=\"async\" loading=\"lazy\" src=\"http:\/\/marieetpaula.com\/wp-content\/uploads\/2018\/09\/07_69A8100-copie.jpg\" alt=\"\" class=\"slider-633 slide-640\" style=\"margin: 0 auto; width: 89.933333333333%\" width=\"1200\" height=\"800\"><\/li>\n<li style=\"display: none; width: 100%;\" class=\"slide-639 ms-image\"><img decoding=\"async\" loading=\"lazy\" src=\"http:\/\/marieetpaula.com\/wp-content\/uploads\/2018\/09\/06_69A8106-copie.jpg\" alt=\"\" class=\"slider-633 slide-639\" style=\"margin: 0 auto; width: 89.433333333333%\" width=\"1200\" height=\"800\"><\/li>\n<li style=\"display: none; width: 100%;\" class=\"slide-641 ms-image\"><img decoding=\"async\" loading=\"lazy\" src=\"http:\/\/marieetpaula.com\/wp-content\/uploads\/2018\/09\/08_69A8117-copie.jpg\" alt=\"\" class=\"slider-633 slide-641\" style=\"margin: 0 auto; width: 94.233333333333%\" width=\"1200\" height=\"800\"><\/li>\n<li style=\"display: none; width: 100%;\" class=\"slide-642 ms-image\"><img decoding=\"async\" loading=\"lazy\" src=\"http:\/\/marieetpaula.com\/wp-content\/uploads\/2018\/09\/09_69A8120-copie.jpg\" alt=\"\" class=\"slider-633 slide-642\" style=\"margin: 0 auto; width: 84.592592592593%\" width=\"1200\" height=\"800\"><\/li>\n<li style=\"display: none; width: 100%;\" class=\"slide-643 ms-image\"><img decoding=\"async\" loading=\"lazy\" src=\"http:\/\/marieetpaula.com\/wp-content\/uploads\/2018\/09\/10_69A8135.jpg\" alt=\"\" class=\"slider-633 slide-643\" style=\"margin-top: 0.0083333333333352%\" width=\"1200\" height=\"800\"><\/li>\n<li style=\"display: none; width: 100%;\" class=\"slide-644 ms-image\"><img decoding=\"async\" loading=\"lazy\" src=\"http:\/\/marieetpaula.com\/wp-content\/uploads\/2018\/09\/11_69A8122-copie.jpg\" alt=\"\" class=\"slider-633 slide-644\" style=\"margin: 0 auto; width: 95.3%\" width=\"1200\" height=\"800\"><\/li>\n<li style=\"display: none; width: 100%;\" class=\"slide-645 ms-image\"><img decoding=\"async\" loading=\"lazy\" src=\"http:\/\/marieetpaula.com\/wp-content\/uploads\/2018\/09\/12_69A8103-copie.jpg\" alt=\"\" class=\"slider-633 slide-645\" style=\"margin: 0 auto; width: 89.6%\" width=\"1200\" height=\"800\"><\/li>\n<li style=\"display: none; width: 100%;\" class=\"slide-646 ms-image\"><img decoding=\"async\" loading=\"lazy\" src=\"http:\/\/marieetpaula.com\/wp-content\/uploads\/2018\/09\/13_Montage-SDB.jpg\" alt=\"\" class=\"slider-633 slide-646\" style=\"margin: 0 auto; width: 84.5%\" width=\"1200\" height=\"800\"><\/li>\n<li style=\"display: none; width: 100%;\" class=\"slide-647 ms-image\"><img decoding=\"async\" loading=\"lazy\" src=\"http:\/\/marieetpaula.com\/wp-content\/uploads\/2018\/09\/15_Montage-SDB-2.jpg\" alt=\"\" class=\"slider-633 slide-647\" style=\"margin: 0 auto; width: 91.342189647274%\" width=\"1200\" height=\"800\"><\/li>\n<\/ul>\n<p><script type=\"text\/javascript\">\nvar metaslider_633 = function($) {\n$('#metaslider_633').addClass('flexslider'); \/\/ theme\/plugin conflict avoidance\n$('#metaslider_633').flexslider({ \nslideshowSpeed:3000,\nanimation:\"fade\",\ncontrolNav:false,\ndirectionNav:true,\npauseOnHover:true,\ndirection:\"horizontal\",\nreverse:false,\nanimationSpeed:600,\nprevText:\"<\",\nnextText:\">\",\nslideshow:true\n});\n};\nvar timer_metaslider_633 = function() {\nvar slider = !window.jQuery ? window.setTimeout(timer_metaslider_633, 100) : !jQuery.isReady ? window.setTimeout(timer_metaslider_633, 1) : metaslider_633(window.jQuery);\n};\ntimer_metaslider_633();\n<\/script><br \/>\n<!--\/\/ meta slider--><\/p>\n","protected":false},"excerpt":{"rendered":"<p>APPARTEMENT PARIS 17\u00b0 Ma\u00eetrise d\u2019ouvrage\u00a0: Priv\u00e9e\u00a0 \/\/ Calendrier\u00a0:\u00a0livr\u00e9 en 2018 \/\/ Programme\u00a0: R\u00e9-am\u00e9nagement d&rsquo;une partie de l&rsquo;appartement: r\u00e9fection compl\u00e8te de la cuisine, des chambres et de la salle de bain des enfants. \u00a0<\/p>\n","protected":false},"author":1,"featured_media":653,"parent":155,"menu_order":1,"comment_status":"closed","ping_status":"closed","template":"template-fullwidth.php","meta":[],"_links":{"self":[{"href":"https:\/\/www.marieetpaula.com\/index.php\/wp-json\/wp\/v2\/pages\/630"}],"collection":[{"href":"https:\/\/www.marieetpaula.com\/index.php\/wp-json\/wp\/v2\/pages"}],"about":[{"href":"https:\/\/www.marieetpaula.com\/index.php\/wp-json\/wp\/v2\/types\/page"}],"author":[{"embeddable":true,"href":"https:\/\/www.marieetpaula.com\/index.php\/wp-json\/wp\/v2\/users\/1"}],"replies":[{"embeddable":true,"href":"https:\/\/www.marieetpaula.com\/index.php\/wp-json\/wp\/v2\/comments?post=630"}],"version-history":[{"count":7,"href":"https:\/\/www.marieetpaula.com\/index.php\/wp-json\/wp\/v2\/pages\/630\/revisions"}],"predecessor-version":[{"id":1111,"href":"https:\/\/www.marieetpaula.com\/index.php\/wp-json\/wp\/v2\/pages\/630\/revisions\/1111"}],"up":[{"embeddable":true,"href":"https:\/\/www.marieetpaula.com\/index.php\/wp-json\/wp\/v2\/pages\/155"}],"wp:featuredmedia":[{"embeddable":true,"href":"https:\/\/www.marieetpaula.com\/index.php\/wp-json\/wp\/v2\/media\/653"}],"wp:attachment":[{"href":"https:\/\/www.marieetpaula.com\/index.php\/wp-json\/wp\/v2\/media?parent=630"}],"curies":[{"name":"wp","href":"https:\/\/api.w.org\/{rel}","templated":true}]}}