{"id":660,"date":"2019-03-20T14:00:58","date_gmt":"2019-03-20T13:00:58","guid":{"rendered":"http:\/\/marieetpaula.com\/?page_id=660"},"modified":"2024-08-20T04:40:10","modified_gmt":"2024-08-20T03:40:10","slug":"appartement-place-de-clichy","status":"publish","type":"page","link":"https:\/\/www.marieetpaula.com\/index.php\/etude-chantier\/appartement-place-de-clichy\/","title":{"rendered":"Appartement Place de Clichy"},"content":{"rendered":"<h3 class=\"widget-title\">APPARTEMENT PLACE DE CLICHY PARIS 17\u00b0<\/h3>\n<p>Ma\u00eetrise d\u2019ouvrage\u00a0: Priv\u00e9e\u00a0 \/\/ Calendrier\u00a0:\u00a0livr\u00e9 en 2019 \/\/ <strong>Programme\u00a0: <\/strong><strong>R\u00e9-am\u00e9nagement d&rsquo;une partie de l&rsquo;appartement: r\u00e9fection compl\u00e8te de la salle de bain, de la chambre et du salon.<\/strong><\/p>\n<p><!-- meta slider --><\/p>\n<ul class=\"slides\">\n<li style=\"display: block; width: 100%;\" class=\"slide-663 ms-image\"><img decoding=\"async\" loading=\"lazy\" src=\"http:\/\/marieetpaula.com\/wp-content\/uploads\/2019\/03\/01_Montage-chambre.jpg\" alt=\"\" class=\"slider-662 slide-663\" style=\"margin-top: 0.13314536340852%\" width=\"1200\" height=\"800\"><\/li>\n<li style=\"display: none; width: 100%;\" class=\"slide-664 ms-image\"><img decoding=\"async\" loading=\"lazy\" src=\"http:\/\/marieetpaula.com\/wp-content\/uploads\/2019\/03\/02_Montage-chambre-3.jpg\" alt=\"\" class=\"slider-662 slide-664\" style=\"margin: 0 auto; width: 89.666666666667%\" width=\"1200\" height=\"800\"><\/li>\n<li style=\"display: none; width: 100%;\" class=\"slide-665 ms-image\"><img decoding=\"async\" loading=\"lazy\" src=\"http:\/\/marieetpaula.com\/wp-content\/uploads\/2019\/03\/03_Montage-chambre-2.jpg\" alt=\"\" class=\"slider-662 slide-665\" style=\"margin: 0 auto; width: 85.264663805436%\" width=\"1200\" height=\"800\"><\/li>\n<li style=\"display: none; width: 100%;\" class=\"slide-666 ms-image\"><img decoding=\"async\" loading=\"lazy\" src=\"http:\/\/marieetpaula.com\/wp-content\/uploads\/2019\/03\/04_Montage-chambre-2.jpg\" alt=\"\" class=\"slider-662 slide-666\" style=\"margin-top: 0.22106426654034%\" width=\"1200\" height=\"800\"><\/li>\n<li style=\"display: none; width: 100%;\" class=\"slide-667 ms-image\"><img decoding=\"async\" loading=\"lazy\" src=\"http:\/\/marieetpaula.com\/wp-content\/uploads\/2019\/03\/05_269A7992.jpg\" alt=\"\" class=\"slider-662 slide-667\" style=\"margin: 0 auto; width: 80.47229791099%\" width=\"1200\" height=\"800\"><\/li>\n<li style=\"display: none; width: 100%;\" class=\"slide-668 ms-image\"><img decoding=\"async\" loading=\"lazy\" src=\"http:\/\/marieetpaula.com\/wp-content\/uploads\/2019\/03\/06_Montage-salon.jpg\" alt=\"\" class=\"slider-662 slide-668\" style=\"margin: 0 auto; width: 89.727164887307%\" width=\"1200\" height=\"800\"><\/li>\n<li style=\"display: none; width: 100%;\" class=\"slide-669 ms-image\"><img decoding=\"async\" loading=\"lazy\" src=\"http:\/\/marieetpaula.com\/wp-content\/uploads\/2019\/03\/07_269A7988.jpg\" alt=\"\" class=\"slider-662 slide-669\" style=\"margin: 0 auto; width: 79.485443466486%\" width=\"1200\" height=\"800\"><\/li>\n<li style=\"display: none; width: 100%;\" class=\"slide-670 ms-image\"><img decoding=\"async\" loading=\"lazy\" src=\"http:\/\/marieetpaula.com\/wp-content\/uploads\/2019\/03\/07_Montage-salon-2.jpg\" alt=\"\" class=\"slider-662 slide-670\" style=\"margin: 0 auto; width: 89.596027984654%\" width=\"1200\" height=\"800\"><\/li>\n<li style=\"display: none; width: 100%;\" class=\"slide-671 ms-image\"><img decoding=\"async\" loading=\"lazy\" src=\"http:\/\/marieetpaula.com\/wp-content\/uploads\/2019\/03\/08_Montage-SDB.jpg\" alt=\"\" class=\"slider-662 slide-671\" style=\"margin: 0 auto; width: 89.666666666667%\" width=\"1200\" height=\"800\"><\/li>\n<li style=\"display: none; width: 100%;\" class=\"slide-672 ms-image\"><img decoding=\"async\" loading=\"lazy\" src=\"http:\/\/marieetpaula.com\/wp-content\/uploads\/2019\/03\/09_Montage-SDB-2.jpg\" alt=\"\" class=\"slider-662 slide-672\" style=\"margin: 0 auto; width: 95.37037037037%\" width=\"1200\" height=\"800\"><\/li>\n<li style=\"display: none; width: 100%;\" class=\"slide-673 ms-image\"><img decoding=\"async\" loading=\"lazy\" src=\"http:\/\/marieetpaula.com\/wp-content\/uploads\/2019\/03\/10_Entre\u0301e.jpg\" alt=\"\" class=\"slider-662 slide-673\" style=\"margin: 0 auto; width: 44.444444444444%\" width=\"1200\" height=\"800\"><\/li>\n<\/ul>\n<p><script type=\"text\/javascript\">\nvar metaslider_662 = function($) {\n$('#metaslider_662').addClass('flexslider'); \/\/ theme\/plugin conflict avoidance\n$('#metaslider_662').flexslider({ \nslideshowSpeed:3000,\nanimation:\"fade\",\ncontrolNav:false,\ndirectionNav:true,\npauseOnHover:true,\ndirection:\"horizontal\",\nreverse:false,\nanimationSpeed:600,\nprevText:\"<\",\nnextText:\">\",\nslideshow:true\n});\n};\nvar timer_metaslider_662 = function() {\nvar slider = !window.jQuery ? window.setTimeout(timer_metaslider_662, 100) : !jQuery.isReady ? window.setTimeout(timer_metaslider_662, 1) : metaslider_662(window.jQuery);\n};\ntimer_metaslider_662();\n<\/script><br \/>\n<!--\/\/ meta slider--><\/p>\n","protected":false},"excerpt":{"rendered":"<p>APPARTEMENT PLACE DE CLICHY PARIS 17\u00b0 Ma\u00eetrise d\u2019ouvrage\u00a0: Priv\u00e9e\u00a0 \/\/ Calendrier\u00a0:\u00a0livr\u00e9 en 2019 \/\/ Programme\u00a0: R\u00e9-am\u00e9nagement d&rsquo;une partie de l&rsquo;appartement: r\u00e9fection compl\u00e8te de la salle de bain, de la chambre et du salon.<\/p>\n","protected":false},"author":1,"featured_media":680,"parent":18,"menu_order":0,"comment_status":"closed","ping_status":"closed","template":"template-fullwidth.php","meta":[],"_links":{"self":[{"href":"https:\/\/www.marieetpaula.com\/index.php\/wp-json\/wp\/v2\/pages\/660"}],"collection":[{"href":"https:\/\/www.marieetpaula.com\/index.php\/wp-json\/wp\/v2\/pages"}],"about":[{"href":"https:\/\/www.marieetpaula.com\/index.php\/wp-json\/wp\/v2\/types\/page"}],"author":[{"embeddable":true,"href":"https:\/\/www.marieetpaula.com\/index.php\/wp-json\/wp\/v2\/users\/1"}],"replies":[{"embeddable":true,"href":"https:\/\/www.marieetpaula.com\/index.php\/wp-json\/wp\/v2\/comments?post=660"}],"version-history":[{"count":6,"href":"https:\/\/www.marieetpaula.com\/index.php\/wp-json\/wp\/v2\/pages\/660\/revisions"}],"predecessor-version":[{"id":678,"href":"https:\/\/www.marieetpaula.com\/index.php\/wp-json\/wp\/v2\/pages\/660\/revisions\/678"}],"up":[{"embeddable":true,"href":"https:\/\/www.marieetpaula.com\/index.php\/wp-json\/wp\/v2\/pages\/18"}],"wp:featuredmedia":[{"embeddable":true,"href":"https:\/\/www.marieetpaula.com\/index.php\/wp-json\/wp\/v2\/media\/680"}],"wp:attachment":[{"href":"https:\/\/www.marieetpaula.com\/index.php\/wp-json\/wp\/v2\/media?parent=660"}],"curies":[{"name":"wp","href":"https:\/\/api.w.org\/{rel}","templated":true}]}}