{"id":869,"date":"2015-01-03T14:00:06","date_gmt":"2015-01-03T13:00:06","guid":{"rendered":"http:\/\/marieetpaula.com\/?page_id=869"},"modified":"2023-08-29T12:02:37","modified_gmt":"2023-08-29T11:02:37","slug":"appartement-suresnes","status":"publish","type":"page","link":"https:\/\/www.marieetpaula.com\/index.php\/etude-chantier\/appartement-suresnes\/","title":{"rendered":"Appartement Suresnes"},"content":{"rendered":"<h3 class=\"widget-title\">Appartement Duplex Suresnes<\/h3>\n<p>\u00a0Ma\u00eetrise d\u2019ouvrage\u00a0: Priv\u00e9e\u00a0 \/\/ Calendrier\u00a0:\u00a0livr\u00e9 en 2021 \/\/ <strong>Programme\u00a0: R\u00e9-am\u00e9nagement ponctuel d&rsquo;un appartement duplex \u00e0 Suresnes (salon, escalier, bureau&#8230;)<br \/>\n<\/strong><\/p>\n<p><!-- meta slider --><\/p>\n<ul class=\"slides\">\n<li style=\"display: block; width: 100%;\" class=\"slide-871 ms-image\"><img decoding=\"async\" loading=\"lazy\" src=\"http:\/\/marieetpaula.com\/wp-content\/uploads\/2021\/08\/Suresnes-2.jpg\" alt=\"\" class=\"slider-879 slide-871\" style=\"margin: 0 auto; width: 100%\" width=\"1200\" height=\"800\"><\/li>\n<li style=\"display: none; width: 100%;\" class=\"slide-870 ms-image\"><img decoding=\"async\" loading=\"lazy\" src=\"http:\/\/marieetpaula.com\/wp-content\/uploads\/2021\/08\/Suresnes-1.jpg\" alt=\"\" class=\"slider-879 slide-870\" style=\"margin: 0 auto; width: 90.222222222222%\" width=\"1200\" height=\"800\"><\/li>\n<li style=\"display: none; width: 100%;\" class=\"slide-877 ms-image\"><img decoding=\"async\" loading=\"lazy\" src=\"http:\/\/marieetpaula.com\/wp-content\/uploads\/2021\/08\/B8A4327.jpg\" alt=\"\" class=\"slider-879 slide-877\" style=\"margin-top: 5.2043010752688%\" width=\"1200\" height=\"800\"><\/li>\n<li style=\"display: none; width: 100%;\" class=\"slide-874 ms-image\"><img decoding=\"async\" loading=\"lazy\" src=\"http:\/\/marieetpaula.com\/wp-content\/uploads\/2021\/08\/Suresnes-5.jpg\" alt=\"\" class=\"slider-879 slide-874\" style=\"margin: 0 auto; width: 83.388888888889%\" width=\"1200\" height=\"800\"><\/li>\n<li style=\"display: none; width: 100%;\" class=\"slide-872 ms-image\"><img decoding=\"async\" loading=\"lazy\" src=\"http:\/\/marieetpaula.com\/wp-content\/uploads\/2021\/08\/Suresnes-3.jpg\" alt=\"\" class=\"slider-879 slide-872\" style=\"margin: 0 auto; width: 90.222222222222%\" width=\"1200\" height=\"800\"><\/li>\n<li style=\"display: none; width: 100%;\" class=\"slide-873 ms-image\"><img decoding=\"async\" loading=\"lazy\" src=\"http:\/\/marieetpaula.com\/wp-content\/uploads\/2021\/08\/Suresnes-4.jpg\" alt=\"\" class=\"slider-879 slide-873\" style=\"margin: 0 auto; width: 90.222222222222%\" width=\"1200\" height=\"800\"><\/li>\n<li style=\"display: none; width: 100%;\" class=\"slide-876 ms-image\"><img decoding=\"async\" loading=\"lazy\" src=\"http:\/\/marieetpaula.com\/wp-content\/uploads\/2021\/08\/Suresnes7.jpg\" alt=\"\" class=\"slider-879 slide-876\" style=\"margin: 0 auto; width: 96.5%\" width=\"1200\" height=\"800\"><\/li>\n<li style=\"display: none; width: 100%;\" class=\"slide-875 ms-image\"><img decoding=\"async\" loading=\"lazy\" src=\"http:\/\/marieetpaula.com\/wp-content\/uploads\/2021\/08\/Suresnes-6.jpg\" alt=\"\" class=\"slider-879 slide-875\" style=\"margin: 0 auto; width: 90.222222222222%\" width=\"1200\" height=\"800\"><\/li>\n<\/ul>\n<p><script type=\"text\/javascript\">\nvar metaslider_879 = function($) {\n$('#metaslider_879').addClass('flexslider'); \/\/ theme\/plugin conflict avoidance\n$('#metaslider_879').flexslider({ \nslideshowSpeed:3000,\nanimation:\"fade\",\ncontrolNav:false,\ndirectionNav:true,\npauseOnHover:true,\ndirection:\"horizontal\",\nreverse:false,\nanimationSpeed:600,\nprevText:\"<\",\nnextText:\">\",\nslideshow:true\n});\n};\nvar timer_metaslider_879 = function() {\nvar slider = !window.jQuery ? window.setTimeout(timer_metaslider_879, 100) : !jQuery.isReady ? window.setTimeout(timer_metaslider_879, 1) : metaslider_879(window.jQuery);\n};\ntimer_metaslider_879();\n<\/script><br \/>\n<!--\/\/ meta slider--><\/p>\n","protected":false},"excerpt":{"rendered":"<p>Appartement Duplex Suresnes \u00a0Ma\u00eetrise d\u2019ouvrage\u00a0: Priv\u00e9e\u00a0 \/\/ Calendrier\u00a0:\u00a0livr\u00e9 en 2021 \/\/ Programme\u00a0: R\u00e9-am\u00e9nagement ponctuel d&rsquo;un appartement duplex \u00e0 Suresnes (salon, escalier, bureau&#8230;)<\/p>\n","protected":false},"author":1,"featured_media":871,"parent":18,"menu_order":0,"comment_status":"closed","ping_status":"closed","template":"template-fullwidth.php","meta":[],"_links":{"self":[{"href":"https:\/\/www.marieetpaula.com\/index.php\/wp-json\/wp\/v2\/pages\/869"}],"collection":[{"href":"https:\/\/www.marieetpaula.com\/index.php\/wp-json\/wp\/v2\/pages"}],"about":[{"href":"https:\/\/www.marieetpaula.com\/index.php\/wp-json\/wp\/v2\/types\/page"}],"author":[{"embeddable":true,"href":"https:\/\/www.marieetpaula.com\/index.php\/wp-json\/wp\/v2\/users\/1"}],"replies":[{"embeddable":true,"href":"https:\/\/www.marieetpaula.com\/index.php\/wp-json\/wp\/v2\/comments?post=869"}],"version-history":[{"count":5,"href":"https:\/\/www.marieetpaula.com\/index.php\/wp-json\/wp\/v2\/pages\/869\/revisions"}],"predecessor-version":[{"id":964,"href":"https:\/\/www.marieetpaula.com\/index.php\/wp-json\/wp\/v2\/pages\/869\/revisions\/964"}],"up":[{"embeddable":true,"href":"https:\/\/www.marieetpaula.com\/index.php\/wp-json\/wp\/v2\/pages\/18"}],"wp:featuredmedia":[{"embeddable":true,"href":"https:\/\/www.marieetpaula.com\/index.php\/wp-json\/wp\/v2\/media\/871"}],"wp:attachment":[{"href":"https:\/\/www.marieetpaula.com\/index.php\/wp-json\/wp\/v2\/media?parent=869"}],"curies":[{"name":"wp","href":"https:\/\/api.w.org\/{rel}","templated":true}]}}